{"id":12139,"date":"2024-05-23T21:12:40","date_gmt":"2024-05-23T21:12:40","guid":{"rendered":"https:\/\/ppaf.pl\/?page_id=12139"},"modified":"2026-02-26T07:16:48","modified_gmt":"2026-02-26T07:16:48","slug":"program-2024-eng","status":"publish","type":"page","link":"https:\/\/ppaf.pl\/index.php\/program-2024-eng\/","title":{"rendered":"PROGRAM 2024 ENG"},"content":{"rendered":"<style>\/*! elementor - v3.21.0 - 15-04-2024 *\/\n.elementor-column .elementor-spacer-inner{height:var(--spacer-size)}.e-con{--container-widget-width:100%}.e-con-inner>.elementor-widget-spacer,.e-con>.elementor-widget-spacer{width:var(--container-widget-width,var(--spacer-size));--align-self:var(--container-widget-align-self,initial);--flex-shrink:0}.e-con-inner>.elementor-widget-spacer>.elementor-widget-container,.e-con>.elementor-widget-spacer>.elementor-widget-container{height:100%;width:100%}.e-con-inner>.elementor-widget-spacer>.elementor-widget-container>.elementor-spacer,.e-con>.elementor-widget-spacer>.elementor-widget-container>.elementor-spacer{height:100%}.e-con-inner>.elementor-widget-spacer>.elementor-widget-container>.elementor-spacer>.elementor-spacer-inner,.e-con>.elementor-widget-spacer>.elementor-widget-container>.elementor-spacer>.elementor-spacer-inner{height:var(--container-widget-height,var(--spacer-size))}.e-con-inner>.elementor-widget-spacer.elementor-widget-empty,.e-con>.elementor-widget-spacer.elementor-widget-empty{position:relative;min-height:22px;min-width:22px}.e-con-inner>.elementor-widget-spacer.elementor-widget-empty .elementor-widget-empty-icon,.e-con>.elementor-widget-spacer.elementor-widget-empty .elementor-widget-empty-icon{position:absolute;top:0;bottom:0;left:0;right:0;margin:auto;padding:0;width:22px;height:22px}<\/style>\n<style>\/*! elementor - v3.21.0 - 15-04-2024 *\/\n.elementor-heading-title{padding:0;margin:0;line-height:1}.elementor-widget-heading .elementor-heading-title[class*=elementor-size-]>a{color:inherit;font-size:inherit;line-height:inherit}.elementor-widget-heading .elementor-heading-title.elementor-size-small{font-size:15px}.elementor-widget-heading .elementor-heading-title.elementor-size-medium{font-size:19px}.elementor-widget-heading .elementor-heading-title.elementor-size-large{font-size:29px}.elementor-widget-heading .elementor-heading-title.elementor-size-xl{font-size:39px}.elementor-widget-heading .elementor-heading-title.elementor-size-xxl{font-size:59px}<\/style>\n<h2>Regulamin \u015bwiadczenia us\u0142ug drog\u0105 elektroniczn\u0105 w serwisie www.ppfw.pl<\/h2>\n<h1>PROGRAM PPAF 2024<\/h1>\n<p>\t\t\t<a href=\"https:\/\/ppaf.pl\/index.php\/2024-eng-program-ppaf-5-06-wednesday\/\"><br \/>\n\t\t\t\t\t<\/a><\/p>\n<style>\/*! elementor - v3.21.0 - 15-04-2024 *\/\n.elementor-widget-divider{--divider-border-style:none;--divider-border-width:1px;--divider-color:#0c0d0e;--divider-icon-size:20px;--divider-element-spacing:10px;--divider-pattern-height:24px;--divider-pattern-size:20px;--divider-pattern-url:none;--divider-pattern-repeat:repeat-x}.elementor-widget-divider .elementor-divider{display:flex}.elementor-widget-divider .elementor-divider__text{font-size:15px;line-height:1;max-width:95%}.elementor-widget-divider .elementor-divider__element{margin:0 var(--divider-element-spacing);flex-shrink:0}.elementor-widget-divider .elementor-icon{font-size:var(--divider-icon-size)}.elementor-widget-divider .elementor-divider-separator{display:flex;margin:0;direction:ltr}.elementor-widget-divider--view-line_icon .elementor-divider-separator,.elementor-widget-divider--view-line_text .elementor-divider-separator{align-items:center}.elementor-widget-divider--view-line_icon .elementor-divider-separator:after,.elementor-widget-divider--view-line_icon .elementor-divider-separator:before,.elementor-widget-divider--view-line_text .elementor-divider-separator:after,.elementor-widget-divider--view-line_text .elementor-divider-separator:before{display:block;content:\"\";border-block-end:0;flex-grow:1;border-block-start:var(--divider-border-width) var(--divider-border-style) var(--divider-color)}.elementor-widget-divider--element-align-left .elementor-divider .elementor-divider-separator>.elementor-divider__svg:first-of-type{flex-grow:0;flex-shrink:100}.elementor-widget-divider--element-align-left .elementor-divider-separator:before{content:none}.elementor-widget-divider--element-align-left .elementor-divider__element{margin-left:0}.elementor-widget-divider--element-align-right .elementor-divider .elementor-divider-separator>.elementor-divider__svg:last-of-type{flex-grow:0;flex-shrink:100}.elementor-widget-divider--element-align-right .elementor-divider-separator:after{content:none}.elementor-widget-divider--element-align-right .elementor-divider__element{margin-right:0}.elementor-widget-divider--element-align-start .elementor-divider .elementor-divider-separator>.elementor-divider__svg:first-of-type{flex-grow:0;flex-shrink:100}.elementor-widget-divider--element-align-start .elementor-divider-separator:before{content:none}.elementor-widget-divider--element-align-start .elementor-divider__element{margin-inline-start:0}.elementor-widget-divider--element-align-end .elementor-divider .elementor-divider-separator>.elementor-divider__svg:last-of-type{flex-grow:0;flex-shrink:100}.elementor-widget-divider--element-align-end .elementor-divider-separator:after{content:none}.elementor-widget-divider--element-align-end .elementor-divider__element{margin-inline-end:0}.elementor-widget-divider:not(.elementor-widget-divider--view-line_text):not(.elementor-widget-divider--view-line_icon) .elementor-divider-separator{border-block-start:var(--divider-border-width) var(--divider-border-style) var(--divider-color)}.elementor-widget-divider--separator-type-pattern{--divider-border-style:none}.elementor-widget-divider--separator-type-pattern.elementor-widget-divider--view-line .elementor-divider-separator,.elementor-widget-divider--separator-type-pattern:not(.elementor-widget-divider--view-line) .elementor-divider-separator:after,.elementor-widget-divider--separator-type-pattern:not(.elementor-widget-divider--view-line) .elementor-divider-separator:before,.elementor-widget-divider--separator-type-pattern:not([class*=elementor-widget-divider--view]) .elementor-divider-separator{width:100%;min-height:var(--divider-pattern-height);-webkit-mask-size:var(--divider-pattern-size) 100%;mask-size:var(--divider-pattern-size) 100%;-webkit-mask-repeat:var(--divider-pattern-repeat);mask-repeat:var(--divider-pattern-repeat);background-color:var(--divider-color);-webkit-mask-image:var(--divider-pattern-url);mask-image:var(--divider-pattern-url)}.elementor-widget-divider--no-spacing{--divider-pattern-size:auto}.elementor-widget-divider--bg-round{--divider-pattern-repeat:round}.rtl .elementor-widget-divider .elementor-divider__text{direction:rtl}.e-con-inner>.elementor-widget-divider,.e-con>.elementor-widget-divider{width:var(--container-widget-width,100%);--flex-grow:var(--container-widget-flex-grow)}<\/style>\n<p>POST PORN ARTS FEST, \u201cRESISTANCE. VISIBILITY. PLEASURE\u201d is a visual arts festival that focuses on contemporary sexuality, body positivity, biopolitics, and censorship and addresses these themes by means of the languages of artistic, queer, and feminist postpornography.<\/p>\n<p>Political oppression and constrained sexuality juxtaposed with pleasure, visibility, and rebellious strategies of resistance.<\/p>\n<p>As part of PPAF, we showed over 200 films organized into several thematic sections.<\/p>\n<p><strong>An essential feature of the festival will be the following selections of films and shorts put together by invited curators:<\/strong><\/p>\n<ul>\n<li>\u201cLegacies of Resistance\u201d \u2013 feature-length films referencing the history of queer and postporn culture, curated by Jurgen Bruning and Walter Crasshole from Pornfilmfestival Berlin.<\/li>\n<li>\u201cRitual Traffic: New Chilean Porn Returns to Warsaw\u201d &amp; \u201cCritical Pornographies from Abya Yala\u201d \u2013 the selections orbiting postporn art from South America, curated by Nikola Rios.<\/li>\n<li>\u201cSluts on Screen\u201d \u2013 a selection focused on decolonizing sex work strategies curated by Maria Riot, Ornelia Bodratto and Nicola Rios.<\/li>\n<li>\u201cThis Is (Not) Gay Porn\u201d \u2013 a subversive view of gay postporn, curated by&nbsp;JorgeTheObscene and Nicola Rios.<\/li>\n<li>\u201cCinematopornographic Inspirations\u201d \u2013 a selection of short films curated by&nbsp;JorgeTheObscene.<\/li>\n<li>\u201cBest of Greek Porn\u201d \u2013 a selection of Greek films, curated by Menalas Siafakas.<\/li>\n<\/ul>\n<p>The remainder of the festival\u2019s programme was curated by Aga Szreder and Rafal \u017bwirek.<\/p>\n<p>If you believe that your body belongs to you \u2013 this a festival for you!<\/p>\n<p>All films will be screened with English and Polish subtitles.<\/p>\n<p>Event for adult viewers only.<\/p>\n<p><b style=\"--bdt-inverse: initial;\"><br \/><\/b><\/p>\n<p><b style=\"--bdt-inverse: initial;\">PPAF 2024 team:<br style=\"--bdt-inverse: initial;\"><\/b>JorgeTheObscene<br style=\"--bdt-inverse: initial;\">\u2028Kaja Ja\u0142oza\u2028<br style=\"--bdt-inverse: initial;\">Aga Szreder\u2028<br style=\"--bdt-inverse: initial;\">Micha\u0142 Tomaszewski\u2028<br style=\"--bdt-inverse: initial;\">Rafa\u0142 \u017bwirek<\/p>\n<p>Workshops \/ panels: Julia Bilarzewska, Klaudia Grzyb, Maja Jak\u00f3bczyk, Magda Trybu\u015b \u2028<br style=\"--bdt-inverse: initial;\">Radical Care Collective: Ada Bojarska, Zuza Muczko, Sofia Wasilenko, Katie Lee Weille<br style=\"--bdt-inverse: initial;\">Volunteering: Lena<br style=\"--bdt-inverse: initial;\">Akccreditations: Lars Kolloros<br style=\"--bdt-inverse: initial;\">SM during PPAF: Mariia Lemperk<br style=\"--bdt-inverse: initial;\">Photographer of PPAF&#8217;24: Kopa<\/p>\n<p><b style=\"--bdt-inverse: initial;\"><br style=\"--bdt-inverse: initial;\">Guest Curators 2024:&nbsp;<br style=\"--bdt-inverse: initial;\"><\/b>Jurgen Bruning&nbsp;<br style=\"--bdt-inverse: initial;\">\u2028Ornelia Bodratto<br style=\"--bdt-inverse: initial;\">Walter Crasshole<br style=\"--bdt-inverse: initial;\">Nikola Rios<br style=\"--bdt-inverse: initial;\">\u2028Maria Riot<br style=\"--bdt-inverse: initial;\">\u2028Menalas Siafakas<\/p>\n<p>\t\t\t<a href=\"https:\/\/ppaf.pl\/index.php\/2024-eng-program-ppaf-5-06-wednesday\/\"><br \/>\n\t\t\t\t\t\t\t\t\tSEE PROGRAM<br \/>\n\t\t\t\t\t<\/a><\/p>\n","protected":false},"excerpt":{"rendered":"<p>Regulamin \u015bwiadczenia us\u0142ug drog\u0105 elektroniczn\u0105 w serwisie www.ppfw.pl PROGRAM PPAF 2024 POST PORN ARTS FEST, \u201cRESISTANCE. VISIBILITY. PLEASURE\u201d is a visual arts festival that focuses on contemporary sexuality, body positivity, biopolitics, and censorship and addresses these themes by means of the languages of artistic, queer, and feminist postpornography. Political oppression and constrained sexuality juxtaposed with [&hellip;]<\/p>\n","protected":false},"author":4,"featured_media":0,"parent":0,"menu_order":0,"comment_status":"closed","ping_status":"closed","template":"","meta":{"footnotes":""},"aioseo_notices":[],"_links":{"self":[{"href":"https:\/\/ppaf.pl\/index.php\/wp-json\/wp\/v2\/pages\/12139"}],"collection":[{"href":"https:\/\/ppaf.pl\/index.php\/wp-json\/wp\/v2\/pages"}],"about":[{"href":"https:\/\/ppaf.pl\/index.php\/wp-json\/wp\/v2\/types\/page"}],"author":[{"embeddable":true,"href":"https:\/\/ppaf.pl\/index.php\/wp-json\/wp\/v2\/users\/4"}],"replies":[{"embeddable":true,"href":"https:\/\/ppaf.pl\/index.php\/wp-json\/wp\/v2\/comments?post=12139"}],"version-history":[{"count":42,"href":"https:\/\/ppaf.pl\/index.php\/wp-json\/wp\/v2\/pages\/12139\/revisions"}],"predecessor-version":[{"id":15277,"href":"https:\/\/ppaf.pl\/index.php\/wp-json\/wp\/v2\/pages\/12139\/revisions\/15277"}],"wp:attachment":[{"href":"https:\/\/ppaf.pl\/index.php\/wp-json\/wp\/v2\/media?parent=12139"}],"curies":[{"name":"wp","href":"https:\/\/api.w.org\/{rel}","templated":true}]}}