{"id":12300,"date":"2024-05-24T00:25:24","date_gmt":"2024-05-24T00:25:24","guid":{"rendered":"https:\/\/ppaf.pl\/?page_id=12300"},"modified":"2024-05-31T08:36:42","modified_gmt":"2024-05-31T08:36:42","slug":"blok-2024-pl-this-is-not-gay-porn","status":"publish","type":"page","link":"https:\/\/ppaf.pl\/index.php\/blok-2024-pl-this-is-not-gay-porn\/","title":{"rendered":"blok 2024 PL THIS IS (NOT) GAY PORN"},"content":{"rendered":"\t\t<div data-elementor-type=\"wp-page\" data-elementor-id=\"12300\" class=\"elementor elementor-12300\">\n\t\t\t\t\t\t<section class=\"elementor-section elementor-top-section elementor-element elementor-element-8ca1a3d elementor-section-boxed elementor-section-height-default elementor-section-height-default\" data-id=\"8ca1a3d\" data-element_type=\"section\">\n\t\t\t\t\t\t<div class=\"elementor-container elementor-column-gap-default\">\n\t\t\t\t\t<div class=\"elementor-column elementor-col-50 elementor-top-column elementor-element elementor-element-7c637cc\" data-id=\"7c637cc\" data-element_type=\"column\">\n\t\t\t<div class=\"elementor-widget-wrap\">\n\t\t\t\t\t\t\t<\/div>\n\t\t<\/div>\n\t\t\t\t<div class=\"elementor-column elementor-col-50 elementor-top-column elementor-element elementor-element-fdf01f8\" data-id=\"fdf01f8\" data-element_type=\"column\">\n\t\t\t<div class=\"elementor-widget-wrap elementor-element-populated\">\n\t\t\t\t\t\t<div class=\"elementor-element elementor-element-f1275a7 elementor-align-right elementor-mobile-align-right elementor-widget elementor-widget-button\" data-id=\"f1275a7\" data-element_type=\"widget\" data-widget_type=\"button.default\">\n\t\t\t\t<div class=\"elementor-widget-container\">\n\t\t\t\t\t<div class=\"elementor-button-wrapper\">\n\t\t\t<a class=\"elementor-button elementor-button-link elementor-size-sm\" href=\"https:\/\/maps.app.goo.gl\/k73zyEQjy7zoUqNs9\" target=\"_blank\">\n\t\t\t\t\t\t<span class=\"elementor-button-content-wrapper\">\n\t\t\t\t\t\t<span class=\"elementor-button-icon elementor-align-icon-right\">\n\t\t\t\t<i aria-hidden=\"true\" class=\"fas fa-map-marker-alt\"><\/i>\t\t\t<\/span>\n\t\t\t\t\t\t\t\t\t<span class=\"elementor-button-text\">Kinoteka<\/span>\n\t\t\t\t\t<\/span>\n\t\t\t\t\t<\/a>\n\t\t<\/div>\n\t\t\t\t<\/div>\n\t\t\t\t<\/div>\n\t\t\t\t<div class=\"elementor-element elementor-element-3578bed elementor-hidden-mobile elementor-widget__width-initial elementor-widget-divider--view-line elementor-widget elementor-widget-divider\" data-id=\"3578bed\" data-element_type=\"widget\" data-widget_type=\"divider.default\">\n\t\t\t\t<div class=\"elementor-widget-container\">\n\t\t\t<style>\/*! elementor - v3.21.0 - 15-04-2024 *\/\n.elementor-widget-divider{--divider-border-style:none;--divider-border-width:1px;--divider-color:#0c0d0e;--divider-icon-size:20px;--divider-element-spacing:10px;--divider-pattern-height:24px;--divider-pattern-size:20px;--divider-pattern-url:none;--divider-pattern-repeat:repeat-x}.elementor-widget-divider .elementor-divider{display:flex}.elementor-widget-divider .elementor-divider__text{font-size:15px;line-height:1;max-width:95%}.elementor-widget-divider .elementor-divider__element{margin:0 var(--divider-element-spacing);flex-shrink:0}.elementor-widget-divider .elementor-icon{font-size:var(--divider-icon-size)}.elementor-widget-divider .elementor-divider-separator{display:flex;margin:0;direction:ltr}.elementor-widget-divider--view-line_icon .elementor-divider-separator,.elementor-widget-divider--view-line_text .elementor-divider-separator{align-items:center}.elementor-widget-divider--view-line_icon .elementor-divider-separator:after,.elementor-widget-divider--view-line_icon .elementor-divider-separator:before,.elementor-widget-divider--view-line_text .elementor-divider-separator:after,.elementor-widget-divider--view-line_text .elementor-divider-separator:before{display:block;content:\"\";border-block-end:0;flex-grow:1;border-block-start:var(--divider-border-width) var(--divider-border-style) var(--divider-color)}.elementor-widget-divider--element-align-left .elementor-divider .elementor-divider-separator>.elementor-divider__svg:first-of-type{flex-grow:0;flex-shrink:100}.elementor-widget-divider--element-align-left .elementor-divider-separator:before{content:none}.elementor-widget-divider--element-align-left .elementor-divider__element{margin-left:0}.elementor-widget-divider--element-align-right .elementor-divider .elementor-divider-separator>.elementor-divider__svg:last-of-type{flex-grow:0;flex-shrink:100}.elementor-widget-divider--element-align-right .elementor-divider-separator:after{content:none}.elementor-widget-divider--element-align-right .elementor-divider__element{margin-right:0}.elementor-widget-divider--element-align-start .elementor-divider .elementor-divider-separator>.elementor-divider__svg:first-of-type{flex-grow:0;flex-shrink:100}.elementor-widget-divider--element-align-start .elementor-divider-separator:before{content:none}.elementor-widget-divider--element-align-start .elementor-divider__element{margin-inline-start:0}.elementor-widget-divider--element-align-end .elementor-divider .elementor-divider-separator>.elementor-divider__svg:last-of-type{flex-grow:0;flex-shrink:100}.elementor-widget-divider--element-align-end .elementor-divider-separator:after{content:none}.elementor-widget-divider--element-align-end .elementor-divider__element{margin-inline-end:0}.elementor-widget-divider:not(.elementor-widget-divider--view-line_text):not(.elementor-widget-divider--view-line_icon) .elementor-divider-separator{border-block-start:var(--divider-border-width) var(--divider-border-style) var(--divider-color)}.elementor-widget-divider--separator-type-pattern{--divider-border-style:none}.elementor-widget-divider--separator-type-pattern.elementor-widget-divider--view-line .elementor-divider-separator,.elementor-widget-divider--separator-type-pattern:not(.elementor-widget-divider--view-line) .elementor-divider-separator:after,.elementor-widget-divider--separator-type-pattern:not(.elementor-widget-divider--view-line) .elementor-divider-separator:before,.elementor-widget-divider--separator-type-pattern:not([class*=elementor-widget-divider--view]) .elementor-divider-separator{width:100%;min-height:var(--divider-pattern-height);-webkit-mask-size:var(--divider-pattern-size) 100%;mask-size:var(--divider-pattern-size) 100%;-webkit-mask-repeat:var(--divider-pattern-repeat);mask-repeat:var(--divider-pattern-repeat);background-color:var(--divider-color);-webkit-mask-image:var(--divider-pattern-url);mask-image:var(--divider-pattern-url)}.elementor-widget-divider--no-spacing{--divider-pattern-size:auto}.elementor-widget-divider--bg-round{--divider-pattern-repeat:round}.rtl .elementor-widget-divider .elementor-divider__text{direction:rtl}.e-con-inner>.elementor-widget-divider,.e-con>.elementor-widget-divider{width:var(--container-widget-width,100%);--flex-grow:var(--container-widget-flex-grow)}<\/style>\t\t<div class=\"elementor-divider\">\n\t\t\t<span class=\"elementor-divider-separator\">\n\t\t\t\t\t\t<\/span>\n\t\t<\/div>\n\t\t\t\t<\/div>\n\t\t\t\t<\/div>\n\t\t\t\t\t<\/div>\n\t\t<\/div>\n\t\t\t\t\t<\/div>\n\t\t<\/section>\n\t\t\t\t<section class=\"elementor-section elementor-top-section elementor-element elementor-element-d925c9f elementor-section-boxed elementor-section-height-default elementor-section-height-default\" data-id=\"d925c9f\" data-element_type=\"section\">\n\t\t\t\t\t\t<div class=\"elementor-container elementor-column-gap-default\">\n\t\t\t\t\t<div class=\"elementor-column elementor-col-33 elementor-top-column elementor-element elementor-element-12b5d46\" data-id=\"12b5d46\" data-element_type=\"column\">\n\t\t\t<div class=\"elementor-widget-wrap\">\n\t\t\t\t\t\t\t<\/div>\n\t\t<\/div>\n\t\t\t\t<div class=\"elementor-column elementor-col-33 elementor-top-column elementor-element elementor-element-425594f\" data-id=\"425594f\" data-element_type=\"column\" data-settings=\"{&quot;background_background&quot;:&quot;classic&quot;}\">\n\t\t\t<div class=\"elementor-widget-wrap elementor-element-populated\">\n\t\t\t\t\t\t<div class=\"elementor-element elementor-element-8d7cb99 elementor-widget elementor-widget-heading\" data-id=\"8d7cb99\" data-element_type=\"widget\" data-widget_type=\"heading.default\">\n\t\t\t\t<div class=\"elementor-widget-container\">\n\t\t\t<style>\/*! elementor - v3.21.0 - 15-04-2024 *\/\n.elementor-heading-title{padding:0;margin:0;line-height:1}.elementor-widget-heading .elementor-heading-title[class*=elementor-size-]>a{color:inherit;font-size:inherit;line-height:inherit}.elementor-widget-heading .elementor-heading-title.elementor-size-small{font-size:15px}.elementor-widget-heading .elementor-heading-title.elementor-size-medium{font-size:19px}.elementor-widget-heading .elementor-heading-title.elementor-size-large{font-size:29px}.elementor-widget-heading .elementor-heading-title.elementor-size-xl{font-size:39px}.elementor-widget-heading .elementor-heading-title.elementor-size-xxl{font-size:59px}<\/style><h2 class=\"elementor-heading-title elementor-size-default\">THIS IS (NOT) GAY PORN<\/h2>\t\t<\/div>\n\t\t\t\t<\/div>\n\t\t\t\t<div class=\"elementor-element elementor-element-a0fbc60 elementor-widget elementor-widget-text-editor\" data-id=\"a0fbc60\" data-element_type=\"widget\" data-widget_type=\"text-editor.default\">\n\t\t\t\t<div class=\"elementor-widget-container\">\n\t\t\t<style>\/*! elementor - v3.21.0 - 15-04-2024 *\/\n.elementor-widget-text-editor.elementor-drop-cap-view-stacked .elementor-drop-cap{background-color:#69727d;color:#fff}.elementor-widget-text-editor.elementor-drop-cap-view-framed .elementor-drop-cap{color:#69727d;border:3px solid;background-color:transparent}.elementor-widget-text-editor:not(.elementor-drop-cap-view-default) .elementor-drop-cap{margin-top:8px}.elementor-widget-text-editor:not(.elementor-drop-cap-view-default) .elementor-drop-cap-letter{width:1em;height:1em}.elementor-widget-text-editor .elementor-drop-cap{float:left;text-align:center;line-height:1;font-size:50px}.elementor-widget-text-editor .elementor-drop-cap-letter{display:inline-block}<\/style>\t\t\t\t<div>\n<p class=\"Tre\"><span lang=\"EN-US\">(zestaw short\u00f3w) 76\u2019<\/span><\/p>\n<p><strong>Osoby kuratorskie: JorgetheObscene and Nicola R\u00edos<\/strong><\/p>\n<p class=\"Tre\">06\/06 czwartek | 19:00 sala 1 KULTURA<br>08\/06 sobota | 21:00 sala 5 HISTORIA<br>09\/06 niedziela | 22:00 sala 5 HISTORIA<\/p>\n<\/div>\t\t\t\t\t\t<\/div>\n\t\t\t\t<\/div>\n\t\t\t\t\t<\/div>\n\t\t<\/div>\n\t\t\t\t<div class=\"elementor-column elementor-col-33 elementor-top-column elementor-element elementor-element-29524fb\" data-id=\"29524fb\" data-element_type=\"column\">\n\t\t\t<div class=\"elementor-widget-wrap elementor-element-populated\">\n\t\t\t\t\t\t<div class=\"elementor-element elementor-element-379f433 elementor-widget elementor-widget-image\" data-id=\"379f433\" data-element_type=\"widget\" data-widget_type=\"image.default\">\n\t\t\t\t<div class=\"elementor-widget-container\">\n\t\t\t<style>\/*! elementor - v3.21.0 - 15-04-2024 *\/\n.elementor-widget-image{text-align:center}.elementor-widget-image a{display:inline-block}.elementor-widget-image a img[src$=\".svg\"]{width:48px}.elementor-widget-image img{vertical-align:middle;display:inline-block}<\/style>\t\t\t\t\t\t\t\t\t\t<img fetchpriority=\"high\" decoding=\"async\" width=\"640\" height=\"415\" src=\"https:\/\/ppaf.pl\/wp-content\/uploads\/2024\/05\/THIS-IS-NOT-GAY-PORN-.png\" class=\"attachment-full size-full wp-image-11448\" alt=\"\" srcset=\"https:\/\/ppaf.pl\/wp-content\/uploads\/2024\/05\/THIS-IS-NOT-GAY-PORN-.png 640w, https:\/\/ppaf.pl\/wp-content\/uploads\/2024\/05\/THIS-IS-NOT-GAY-PORN--300x195.png 300w\" sizes=\"(max-width: 640px) 100vw, 640px\" \/>\t\t\t\t\t\t\t\t\t\t\t\t\t<\/div>\n\t\t\t\t<\/div>\n\t\t\t\t\t<\/div>\n\t\t<\/div>\n\t\t\t\t\t<\/div>\n\t\t<\/section>\n\t\t\t\t<section class=\"elementor-section elementor-top-section elementor-element elementor-element-25897ec elementor-section-boxed elementor-section-height-default elementor-section-height-default\" data-id=\"25897ec\" data-element_type=\"section\">\n\t\t\t\t\t\t<div class=\"elementor-container elementor-column-gap-default\">\n\t\t\t\t\t<div class=\"elementor-column elementor-col-50 elementor-top-column elementor-element elementor-element-85cbd30\" data-id=\"85cbd30\" data-element_type=\"column\">\n\t\t\t<div class=\"elementor-widget-wrap\">\n\t\t\t\t\t\t\t<\/div>\n\t\t<\/div>\n\t\t\t\t<div class=\"elementor-column elementor-col-50 elementor-top-column elementor-element elementor-element-02b80eb\" data-id=\"02b80eb\" data-element_type=\"column\">\n\t\t\t<div class=\"elementor-widget-wrap elementor-element-populated\">\n\t\t\t\t\t\t<div class=\"elementor-element elementor-element-7c84c61 elementor-widget__width-initial elementor-widget-divider--view-line elementor-widget elementor-widget-divider\" data-id=\"7c84c61\" data-element_type=\"widget\" data-widget_type=\"divider.default\">\n\t\t\t\t<div class=\"elementor-widget-container\">\n\t\t\t\t\t<div class=\"elementor-divider\">\n\t\t\t<span class=\"elementor-divider-separator\">\n\t\t\t\t\t\t<\/span>\n\t\t<\/div>\n\t\t\t\t<\/div>\n\t\t\t\t<\/div>\n\t\t\t\t<div class=\"elementor-element elementor-element-a5356ce elementor-widget elementor-widget-text-editor\" data-id=\"a5356ce\" data-element_type=\"widget\" data-widget_type=\"text-editor.default\">\n\t\t\t\t<div class=\"elementor-widget-container\">\n\t\t\t\t\t\t\t<p>We wszech\u015bwiecie gejowskiego porno jest tak wiele r\u00f3\u017cnorodno\u015bci, \u017ce uchwycenie jej w tym programie jest niemo\u017cliwe. Dokonanie wyboru, kt\u00f3ry dok\u0142adnie reprezentuje ten wszech\u015bwiat, jest r\u00f3wnie\u017c niewykonalne, poniewa\u017c tw\u00f3rczy i perwersyjny pop\u0119d os\u00f3b artystycznych jest nie do powstrzymania. W chwili, gdy piszemy ten tekst, powstaj\u0105 nowe gejowskie filmy, a kolejne&nbsp; rozpoczynaj\u0105 sw\u00f3j obieg w pornosferze. Coraz wi\u0119cej os\u00f3b wnosi nowe pomys\u0142y, narracje i estetyk\u0119 do tej dziedziny; dostarczaj\u0105c produkcje, kt\u00f3re rzucaj\u0105 wyzwanie cia\u0142om typowym dla gejowskiego porno, oferuj\u0105c nam inny rodzaj seksu na ekranie, a tak\u017ce inne praktyki i reprezentacje.<\/p>\n<p><\/p><p>Dlatego te\u017c tworzenie gejowskiego programu porno jest decyzj\u0105 polityczn\u0105.<\/p>\n<p><\/p><p>Stawia nas przed takimi pytaniami, jak to, co chcemy pokaza\u0107, co chcieliby\u015bmy pom\u00f3c rozpowszechnia\u0107 i jak to wszystko odnosi si\u0119 do budowanej przez nas wizji gejowskiego seksu? Kim s\u0105 odbiorcy tych obraz\u00f3w i jakie pragnienia ich motywuj\u0105? Czy chcemy powtarza\u0107 znane narracje?<\/p>\n<p>Odpowiadamy na te pytania. Chcemy odej\u015b\u0107 od przewidywalnych scen, kt\u00f3re znajdujemy, przeszukuj\u0105c t\u0119 kategori\u0119 na og\u00f3lnodost\u0119pnych internetowych platformach. Chcemy postawi\u0107 na inne repertuary, kt\u00f3re s\u0105 mniej widoczne i w kt\u00f3rych tkwi zdolno\u015b\u0107 do otwarcia naszej wyobra\u017ani, dostarczenia inspiracji i by\u0107 mo\u017ce pobudzenia naszego po\u017c\u0105dania.<\/p>\n<p>Urodzony w Chile w 2021 roku i maj\u0105cy ju\u017c za sob\u0105 pokazy w Meksyku i Hiszpanii, niezale\u017cny cykl filmowy \u201eTHIS IS (NOT) GAY PORN\u201d powraca do Europy, oferuj\u0105c spojrzenie na te niezale\u017cne produkcje, kt\u00f3re stanowi\u0105 odst\u0119pstwo od szeroko rozpowszechnianego i dost\u0119pnego gejowskiego porno. Po raz pierwszy przyje\u017cd\u017camy do Polski w ramach Post Porn Arts Fest, z zestawem 9 film\u00f3w z 8 kraj\u00f3w. Pokazujemy fabu\u0142\u0119, wideo-art, kino eksperymentalne i dokumentalne; z humorem, muzyk\u0105, fantazj\u0105, manifestami, autobiografiami i &#8211; oczywi\u015bcie &#8211; mn\u00f3stwem seksu.<\/p>\n<p>Jest to program gejowskiego porno, ale te\u017c nim nie jest. Zdecydujesz, gdy zajmiesz miejsce w kinie i dasz si\u0119 uwie\u015b\u0107 projekcji.&nbsp;<\/p>\n<p>Cum and join us!<\/p>\t\t\t\t\t\t<\/div>\n\t\t\t\t<\/div>\n\t\t\t\t<div class=\"elementor-element elementor-element-b795f34 elementor-widget__width-initial elementor-widget-divider--view-line elementor-widget elementor-widget-divider\" data-id=\"b795f34\" data-element_type=\"widget\" data-widget_type=\"divider.default\">\n\t\t\t\t<div class=\"elementor-widget-container\">\n\t\t\t\t\t<div class=\"elementor-divider\">\n\t\t\t<span class=\"elementor-divider-separator\">\n\t\t\t\t\t\t<\/span>\n\t\t<\/div>\n\t\t\t\t<\/div>\n\t\t\t\t<\/div>\n\t\t\t\t<div class=\"elementor-element elementor-element-0286fba elementor-widget elementor-widget-text-editor\" data-id=\"0286fba\" data-element_type=\"widget\" data-widget_type=\"text-editor.default\">\n\t\t\t\t<div class=\"elementor-widget-container\">\n\t\t\t\t\t\t\t<h4>\u201e<strong>Breakfast in Bed<\/strong>\u201d<\/h4><h4>Ethan Folk y Ty Wardwell<\/h4><h4>USA 2026, 2\u2019<\/h4><h4>\u00a0<\/h4><h4>\u201e<strong>Gloaming<\/strong>\u201d<\/h4><h4>Four Chambers<\/h4><h4>UK 2018, 9\u2019<\/h4><h4>\u00a0<\/h4><h4>\u201e<strong>Working&#8230; Pleasure?<\/strong>\u201d<\/h4><h4>KAy Garnellen<\/h4><h4>Niemcy 2017, 18\u2019<\/h4><h4>\u00a0<\/h4><h4>\u201e<strong>Carta para cualquier cuerpo blanco que se atreva a leerlo<\/strong>\u201d<\/h4><h4>Ricardo Velmor<\/h4><h4>Boliwia \/ Gwatemala 2019, 3\u2019<\/h4><h4>\u00a0<\/h4><h4>\u201e<strong>Rusalka<\/strong>\u201d<\/h4><h4>Wes Hurley<\/h4><h4>USA 2017, 9\u2019<\/h4><h4>\u00a0<\/h4><h4>\u201e<strong>XNOTERNURA<\/strong>&#8220;<\/h4><h4>Julian Merlo<\/h4><h4>Argentyna 2023, 20\u2019<\/h4><h4>\u00a0<\/h4><h4>\u201e<strong>Cegada por Ardor<\/strong>\u201d<\/h4><h4>Diego Argote<\/h4><h4>Chile 2023, 4\u2019<\/h4><h4>\u00a0<\/h4><h4>\u201e<strong>Manure Tank<\/strong>\u201d<\/h4><h4>Marc Martin<\/h4><h4>Niemcy 2008, 6\u2019<\/h4><h4>\u00a0<\/h4><h4>\u201e<strong>Baise Platine &#8211; Sebasti\u00e9n D\u00e9lage<\/strong>\u201d<\/h4><h4>Johan Gayraud<\/h4><h4>Francja 2024, 5\u2019<\/h4>\t\t\t\t\t\t<\/div>\n\t\t\t\t<\/div>\n\t\t\t\t\t<\/div>\n\t\t<\/div>\n\t\t\t\t\t<\/div>\n\t\t<\/section>\n\t\t\t\t<section class=\"elementor-section elementor-top-section elementor-element elementor-element-42230e1 elementor-section-boxed elementor-section-height-default elementor-section-height-default\" data-id=\"42230e1\" data-element_type=\"section\">\n\t\t\t\t\t\t<div class=\"elementor-container elementor-column-gap-default\">\n\t\t\t\t\t<div class=\"elementor-column elementor-col-50 elementor-top-column elementor-element elementor-element-f88fb30\" data-id=\"f88fb30\" data-element_type=\"column\">\n\t\t\t<div class=\"elementor-widget-wrap\">\n\t\t\t\t\t\t\t<\/div>\n\t\t<\/div>\n\t\t\t\t<div class=\"elementor-column elementor-col-50 elementor-top-column elementor-element elementor-element-ab4e1c9\" data-id=\"ab4e1c9\" data-element_type=\"column\">\n\t\t\t<div class=\"elementor-widget-wrap elementor-element-populated\">\n\t\t\t\t\t\t<div class=\"elementor-element elementor-element-e36b1e1 elementor-align-center elementor-widget-tablet_extra__width-initial elementor-widget elementor-widget-button\" data-id=\"e36b1e1\" data-element_type=\"widget\" data-widget_type=\"button.default\">\n\t\t\t\t<div class=\"elementor-widget-container\">\n\t\t\t\t\t<div class=\"elementor-button-wrapper\">\n\t\t\t<a class=\"elementor-button elementor-button-link elementor-size-sm elementor-animation-rotate\" href=\"https:\/\/kinoteka.pl\/film\/ppaf-this-is-not-gay-porn-zestaw-shortow\/?date=2024-06-06\" target=\"_blank\">\n\t\t\t\t\t\t<span class=\"elementor-button-content-wrapper\">\n\t\t\t\t\t\t\t\t\t<span class=\"elementor-button-text\">KUP BILET<\/span>\n\t\t\t\t\t<\/span>\n\t\t\t\t\t<\/a>\n\t\t<\/div>\n\t\t\t\t<\/div>\n\t\t\t\t<\/div>\n\t\t\t\t\t<\/div>\n\t\t<\/div>\n\t\t\t\t\t<\/div>\n\t\t<\/section>\n\t\t\t\t<section class=\"elementor-section elementor-top-section elementor-element elementor-element-63ee4ed elementor-hidden-widescreen elementor-hidden-desktop elementor-hidden-tablet_extra elementor-hidden-tablet elementor-hidden-mobile elementor-section-boxed elementor-section-height-default elementor-section-height-default\" data-id=\"63ee4ed\" data-element_type=\"section\">\n\t\t\t\t\t\t<div class=\"elementor-container elementor-column-gap-default\">\n\t\t\t\t\t<div class=\"elementor-column elementor-col-50 elementor-top-column elementor-element elementor-element-65956e1\" data-id=\"65956e1\" data-element_type=\"column\">\n\t\t\t<div class=\"elementor-widget-wrap\">\n\t\t\t\t\t\t\t<\/div>\n\t\t<\/div>\n\t\t\t\t<div class=\"elementor-column elementor-col-50 elementor-top-column elementor-element elementor-element-6b725fd\" data-id=\"6b725fd\" data-element_type=\"column\">\n\t\t\t<div class=\"elementor-widget-wrap elementor-element-populated\">\n\t\t\t\t\t\t<div class=\"elementor-element elementor-element-d352a10 elementor-align-center elementor-widget elementor-widget-button\" data-id=\"d352a10\" data-element_type=\"widget\" data-widget_type=\"button.default\">\n\t\t\t\t<div class=\"elementor-widget-container\">\n\t\t\t\t\t<div class=\"elementor-button-wrapper\">\n\t\t\t<a class=\"elementor-button elementor-button-link elementor-size-xl\" href=\"https:\/\/kinomuranow.pl\/festiwale-i-przeglady\/post-pxrn-film-festival-warsaw-7-12-czerwca-2022\" target=\"_blank\">\n\t\t\t\t\t\t<span class=\"elementor-button-content-wrapper\">\n\t\t\t\t\t\t\t\t\t<span class=\"elementor-button-text\">KUP BILET<\/span>\n\t\t\t\t\t<\/span>\n\t\t\t\t\t<\/a>\n\t\t<\/div>\n\t\t\t\t<\/div>\n\t\t\t\t<\/div>\n\t\t\t\t\t<\/div>\n\t\t<\/div>\n\t\t\t\t\t<\/div>\n\t\t<\/section>\n\t\t\t\t<\/div>\n\t\t","protected":false},"excerpt":{"rendered":"<p>Kinoteka THIS IS (NOT) GAY PORN (zestaw short\u00f3w) 76\u2019 Osoby kuratorskie: JorgetheObscene and Nicola R\u00edos 06\/06 czwartek | 19:00 sala 1 KULTURA08\/06 sobota | 21:00 sala 5 HISTORIA09\/06 niedziela | 22:00 sala 5 HISTORIA We wszech\u015bwiecie gejowskiego porno jest tak wiele r\u00f3\u017cnorodno\u015bci, \u017ce uchwycenie jej w tym programie jest niemo\u017cliwe. Dokonanie wyboru, kt\u00f3ry dok\u0142adnie reprezentuje [&hellip;]<\/p>\n","protected":false},"author":4,"featured_media":0,"parent":0,"menu_order":0,"comment_status":"closed","ping_status":"closed","template":"","meta":{"footnotes":""},"aioseo_notices":[],"_links":{"self":[{"href":"https:\/\/ppaf.pl\/index.php\/wp-json\/wp\/v2\/pages\/12300"}],"collection":[{"href":"https:\/\/ppaf.pl\/index.php\/wp-json\/wp\/v2\/pages"}],"about":[{"href":"https:\/\/ppaf.pl\/index.php\/wp-json\/wp\/v2\/types\/page"}],"author":[{"embeddable":true,"href":"https:\/\/ppaf.pl\/index.php\/wp-json\/wp\/v2\/users\/4"}],"replies":[{"embeddable":true,"href":"https:\/\/ppaf.pl\/index.php\/wp-json\/wp\/v2\/comments?post=12300"}],"version-history":[{"count":13,"href":"https:\/\/ppaf.pl\/index.php\/wp-json\/wp\/v2\/pages\/12300\/revisions"}],"predecessor-version":[{"id":14390,"href":"https:\/\/ppaf.pl\/index.php\/wp-json\/wp\/v2\/pages\/12300\/revisions\/14390"}],"wp:attachment":[{"href":"https:\/\/ppaf.pl\/index.php\/wp-json\/wp\/v2\/media?parent=12300"}],"curies":[{"name":"wp","href":"https:\/\/api.w.org\/{rel}","templated":true}]}}