{"id":12664,"date":"2024-05-24T21:04:38","date_gmt":"2024-05-24T21:04:38","guid":{"rendered":"https:\/\/ppaf.pl\/?page_id=12664"},"modified":"2024-06-04T21:09:49","modified_gmt":"2024-06-04T21:09:49","slug":"blok-2024-pl-filmopornograficzne-inspiracje","status":"publish","type":"page","link":"https:\/\/ppaf.pl\/index.php\/blok-2024-pl-filmopornograficzne-inspiracje\/","title":{"rendered":"blok 2024 PL FILMOPORNOGRAFICZNE INSPIRACJE"},"content":{"rendered":"\t\t<div data-elementor-type=\"wp-page\" data-elementor-id=\"12664\" class=\"elementor elementor-12664\">\n\t\t\t\t\t\t<section class=\"elementor-section elementor-top-section elementor-element elementor-element-8ca1a3d elementor-section-boxed elementor-section-height-default elementor-section-height-default\" data-id=\"8ca1a3d\" data-element_type=\"section\">\n\t\t\t\t\t\t<div class=\"elementor-container elementor-column-gap-default\">\n\t\t\t\t\t<div class=\"elementor-column elementor-col-50 elementor-top-column elementor-element elementor-element-7c637cc\" data-id=\"7c637cc\" data-element_type=\"column\">\n\t\t\t<div class=\"elementor-widget-wrap\">\n\t\t\t\t\t\t\t<\/div>\n\t\t<\/div>\n\t\t\t\t<div class=\"elementor-column elementor-col-50 elementor-top-column elementor-element elementor-element-fdf01f8\" data-id=\"fdf01f8\" data-element_type=\"column\">\n\t\t\t<div class=\"elementor-widget-wrap elementor-element-populated\">\n\t\t\t\t\t\t<div class=\"elementor-element elementor-element-f1275a7 elementor-align-right elementor-mobile-align-right elementor-widget elementor-widget-button\" data-id=\"f1275a7\" data-element_type=\"widget\" data-widget_type=\"button.default\">\n\t\t\t\t<div class=\"elementor-widget-container\">\n\t\t\t\t\t<div class=\"elementor-button-wrapper\">\n\t\t\t<a class=\"elementor-button elementor-button-link elementor-size-sm\" href=\"https:\/\/maps.app.goo.gl\/k73zyEQjy7zoUqNs9\" target=\"_blank\">\n\t\t\t\t\t\t<span class=\"elementor-button-content-wrapper\">\n\t\t\t\t\t\t<span class=\"elementor-button-icon elementor-align-icon-right\">\n\t\t\t\t<i aria-hidden=\"true\" class=\"fas fa-map-marker-alt\"><\/i>\t\t\t<\/span>\n\t\t\t\t\t\t\t\t\t<span class=\"elementor-button-text\">Kinoteka<\/span>\n\t\t\t\t\t<\/span>\n\t\t\t\t\t<\/a>\n\t\t<\/div>\n\t\t\t\t<\/div>\n\t\t\t\t<\/div>\n\t\t\t\t<div class=\"elementor-element elementor-element-3578bed elementor-hidden-mobile elementor-widget__width-initial elementor-widget-divider--view-line elementor-widget elementor-widget-divider\" data-id=\"3578bed\" data-element_type=\"widget\" data-widget_type=\"divider.default\">\n\t\t\t\t<div class=\"elementor-widget-container\">\n\t\t\t<style>\/*! elementor - v3.21.0 - 15-04-2024 *\/\n.elementor-widget-divider{--divider-border-style:none;--divider-border-width:1px;--divider-color:#0c0d0e;--divider-icon-size:20px;--divider-element-spacing:10px;--divider-pattern-height:24px;--divider-pattern-size:20px;--divider-pattern-url:none;--divider-pattern-repeat:repeat-x}.elementor-widget-divider .elementor-divider{display:flex}.elementor-widget-divider .elementor-divider__text{font-size:15px;line-height:1;max-width:95%}.elementor-widget-divider .elementor-divider__element{margin:0 var(--divider-element-spacing);flex-shrink:0}.elementor-widget-divider .elementor-icon{font-size:var(--divider-icon-size)}.elementor-widget-divider .elementor-divider-separator{display:flex;margin:0;direction:ltr}.elementor-widget-divider--view-line_icon .elementor-divider-separator,.elementor-widget-divider--view-line_text .elementor-divider-separator{align-items:center}.elementor-widget-divider--view-line_icon .elementor-divider-separator:after,.elementor-widget-divider--view-line_icon .elementor-divider-separator:before,.elementor-widget-divider--view-line_text .elementor-divider-separator:after,.elementor-widget-divider--view-line_text .elementor-divider-separator:before{display:block;content:\"\";border-block-end:0;flex-grow:1;border-block-start:var(--divider-border-width) var(--divider-border-style) var(--divider-color)}.elementor-widget-divider--element-align-left .elementor-divider .elementor-divider-separator>.elementor-divider__svg:first-of-type{flex-grow:0;flex-shrink:100}.elementor-widget-divider--element-align-left .elementor-divider-separator:before{content:none}.elementor-widget-divider--element-align-left .elementor-divider__element{margin-left:0}.elementor-widget-divider--element-align-right .elementor-divider .elementor-divider-separator>.elementor-divider__svg:last-of-type{flex-grow:0;flex-shrink:100}.elementor-widget-divider--element-align-right .elementor-divider-separator:after{content:none}.elementor-widget-divider--element-align-right .elementor-divider__element{margin-right:0}.elementor-widget-divider--element-align-start .elementor-divider .elementor-divider-separator>.elementor-divider__svg:first-of-type{flex-grow:0;flex-shrink:100}.elementor-widget-divider--element-align-start .elementor-divider-separator:before{content:none}.elementor-widget-divider--element-align-start .elementor-divider__element{margin-inline-start:0}.elementor-widget-divider--element-align-end .elementor-divider .elementor-divider-separator>.elementor-divider__svg:last-of-type{flex-grow:0;flex-shrink:100}.elementor-widget-divider--element-align-end .elementor-divider-separator:after{content:none}.elementor-widget-divider--element-align-end .elementor-divider__element{margin-inline-end:0}.elementor-widget-divider:not(.elementor-widget-divider--view-line_text):not(.elementor-widget-divider--view-line_icon) .elementor-divider-separator{border-block-start:var(--divider-border-width) var(--divider-border-style) var(--divider-color)}.elementor-widget-divider--separator-type-pattern{--divider-border-style:none}.elementor-widget-divider--separator-type-pattern.elementor-widget-divider--view-line .elementor-divider-separator,.elementor-widget-divider--separator-type-pattern:not(.elementor-widget-divider--view-line) .elementor-divider-separator:after,.elementor-widget-divider--separator-type-pattern:not(.elementor-widget-divider--view-line) .elementor-divider-separator:before,.elementor-widget-divider--separator-type-pattern:not([class*=elementor-widget-divider--view]) .elementor-divider-separator{width:100%;min-height:var(--divider-pattern-height);-webkit-mask-size:var(--divider-pattern-size) 100%;mask-size:var(--divider-pattern-size) 100%;-webkit-mask-repeat:var(--divider-pattern-repeat);mask-repeat:var(--divider-pattern-repeat);background-color:var(--divider-color);-webkit-mask-image:var(--divider-pattern-url);mask-image:var(--divider-pattern-url)}.elementor-widget-divider--no-spacing{--divider-pattern-size:auto}.elementor-widget-divider--bg-round{--divider-pattern-repeat:round}.rtl .elementor-widget-divider .elementor-divider__text{direction:rtl}.e-con-inner>.elementor-widget-divider,.e-con>.elementor-widget-divider{width:var(--container-widget-width,100%);--flex-grow:var(--container-widget-flex-grow)}<\/style>\t\t<div class=\"elementor-divider\">\n\t\t\t<span class=\"elementor-divider-separator\">\n\t\t\t\t\t\t<\/span>\n\t\t<\/div>\n\t\t\t\t<\/div>\n\t\t\t\t<\/div>\n\t\t\t\t\t<\/div>\n\t\t<\/div>\n\t\t\t\t\t<\/div>\n\t\t<\/section>\n\t\t\t\t<section class=\"elementor-section elementor-top-section elementor-element elementor-element-d925c9f elementor-section-boxed elementor-section-height-default elementor-section-height-default\" data-id=\"d925c9f\" data-element_type=\"section\">\n\t\t\t\t\t\t<div class=\"elementor-container elementor-column-gap-default\">\n\t\t\t\t\t<div class=\"elementor-column elementor-col-33 elementor-top-column elementor-element elementor-element-12b5d46\" data-id=\"12b5d46\" data-element_type=\"column\">\n\t\t\t<div class=\"elementor-widget-wrap\">\n\t\t\t\t\t\t\t<\/div>\n\t\t<\/div>\n\t\t\t\t<div class=\"elementor-column elementor-col-33 elementor-top-column elementor-element elementor-element-425594f\" data-id=\"425594f\" data-element_type=\"column\" data-settings=\"{&quot;background_background&quot;:&quot;classic&quot;}\">\n\t\t\t<div class=\"elementor-widget-wrap elementor-element-populated\">\n\t\t\t\t\t\t<div class=\"elementor-element elementor-element-8d7cb99 elementor-widget-tablet_extra__width-initial elementor-widget elementor-widget-heading\" data-id=\"8d7cb99\" data-element_type=\"widget\" data-widget_type=\"heading.default\">\n\t\t\t\t<div class=\"elementor-widget-container\">\n\t\t\t<style>\/*! elementor - v3.21.0 - 15-04-2024 *\/\n.elementor-heading-title{padding:0;margin:0;line-height:1}.elementor-widget-heading .elementor-heading-title[class*=elementor-size-]>a{color:inherit;font-size:inherit;line-height:inherit}.elementor-widget-heading .elementor-heading-title.elementor-size-small{font-size:15px}.elementor-widget-heading .elementor-heading-title.elementor-size-medium{font-size:19px}.elementor-widget-heading .elementor-heading-title.elementor-size-large{font-size:29px}.elementor-widget-heading .elementor-heading-title.elementor-size-xl{font-size:39px}.elementor-widget-heading .elementor-heading-title.elementor-size-xxl{font-size:59px}<\/style><h2 class=\"elementor-heading-title elementor-size-default\">FILMO-\nPORNOGRAFICZNE INSPIRACJE<\/h2>\t\t<\/div>\n\t\t\t\t<\/div>\n\t\t\t\t<div class=\"elementor-element elementor-element-a0fbc60 elementor-widget-tablet_extra__width-initial elementor-widget elementor-widget-text-editor\" data-id=\"a0fbc60\" data-element_type=\"widget\" data-widget_type=\"text-editor.default\">\n\t\t\t\t<div class=\"elementor-widget-container\">\n\t\t\t<style>\/*! elementor - v3.21.0 - 15-04-2024 *\/\n.elementor-widget-text-editor.elementor-drop-cap-view-stacked .elementor-drop-cap{background-color:#69727d;color:#fff}.elementor-widget-text-editor.elementor-drop-cap-view-framed .elementor-drop-cap{color:#69727d;border:3px solid;background-color:transparent}.elementor-widget-text-editor:not(.elementor-drop-cap-view-default) .elementor-drop-cap{margin-top:8px}.elementor-widget-text-editor:not(.elementor-drop-cap-view-default) .elementor-drop-cap-letter{width:1em;height:1em}.elementor-widget-text-editor .elementor-drop-cap{float:left;text-align:center;line-height:1;font-size:50px}.elementor-widget-text-editor .elementor-drop-cap-letter{display:inline-block}<\/style>\t\t\t\t<div>\n<p>(zestaw short\u00f3w) 93\u2019<\/p>\n<p><strong>Kurator: JorgeTheObscene<\/strong><\/p>\n<p>7\/06 pi\u0105tek | 17:30 sala 2 ROZW\u00d3J<br>8\/06 sobota | 23:30 sala 4 PRZYSZ\u0141O\u015a\u0106<br>9\/06 niedziela | 16:00 sala 5 HISTORIA<\/p><\/div>\t\t\t\t\t\t<\/div>\n\t\t\t\t<\/div>\n\t\t\t\t\t<\/div>\n\t\t<\/div>\n\t\t\t\t<div class=\"elementor-column elementor-col-33 elementor-top-column elementor-element elementor-element-29524fb\" data-id=\"29524fb\" data-element_type=\"column\">\n\t\t\t<div class=\"elementor-widget-wrap elementor-element-populated\">\n\t\t\t\t\t\t<div class=\"elementor-element elementor-element-379f433 elementor-widget-tablet_extra__width-initial elementor-widget elementor-widget-image\" data-id=\"379f433\" data-element_type=\"widget\" data-widget_type=\"image.default\">\n\t\t\t\t<div class=\"elementor-widget-container\">\n\t\t\t<style>\/*! elementor - v3.21.0 - 15-04-2024 *\/\n.elementor-widget-image{text-align:center}.elementor-widget-image a{display:inline-block}.elementor-widget-image a img[src$=\".svg\"]{width:48px}.elementor-widget-image img{vertical-align:middle;display:inline-block}<\/style>\t\t\t\t\t\t\t\t\t\t<img fetchpriority=\"high\" decoding=\"async\" width=\"1280\" height=\"720\" src=\"https:\/\/ppaf.pl\/wp-content\/uploads\/2024\/05\/FILMOPORNOGRAFICZNE-INSPIRACJE.jpeg\" class=\"attachment-full size-full wp-image-11452\" alt=\"\" srcset=\"https:\/\/ppaf.pl\/wp-content\/uploads\/2024\/05\/FILMOPORNOGRAFICZNE-INSPIRACJE.jpeg 1280w, https:\/\/ppaf.pl\/wp-content\/uploads\/2024\/05\/FILMOPORNOGRAFICZNE-INSPIRACJE-300x169.jpeg 300w, https:\/\/ppaf.pl\/wp-content\/uploads\/2024\/05\/FILMOPORNOGRAFICZNE-INSPIRACJE-1024x576.jpeg 1024w, https:\/\/ppaf.pl\/wp-content\/uploads\/2024\/05\/FILMOPORNOGRAFICZNE-INSPIRACJE-768x432.jpeg 768w\" sizes=\"(max-width: 1280px) 100vw, 1280px\" \/>\t\t\t\t\t\t\t\t\t\t\t\t\t<\/div>\n\t\t\t\t<\/div>\n\t\t\t\t\t<\/div>\n\t\t<\/div>\n\t\t\t\t\t<\/div>\n\t\t<\/section>\n\t\t\t\t<section class=\"elementor-section elementor-top-section elementor-element elementor-element-25897ec elementor-section-boxed elementor-section-height-default elementor-section-height-default\" data-id=\"25897ec\" data-element_type=\"section\">\n\t\t\t\t\t\t<div class=\"elementor-container elementor-column-gap-default\">\n\t\t\t\t\t<div class=\"elementor-column elementor-col-50 elementor-top-column elementor-element elementor-element-85cbd30\" data-id=\"85cbd30\" data-element_type=\"column\">\n\t\t\t<div class=\"elementor-widget-wrap\">\n\t\t\t\t\t\t\t<\/div>\n\t\t<\/div>\n\t\t\t\t<div class=\"elementor-column elementor-col-50 elementor-top-column elementor-element elementor-element-02b80eb\" data-id=\"02b80eb\" data-element_type=\"column\">\n\t\t\t<div class=\"elementor-widget-wrap elementor-element-populated\">\n\t\t\t\t\t\t<div class=\"elementor-element elementor-element-7c84c61 elementor-widget__width-initial elementor-widget-divider--view-line elementor-widget elementor-widget-divider\" data-id=\"7c84c61\" data-element_type=\"widget\" data-widget_type=\"divider.default\">\n\t\t\t\t<div class=\"elementor-widget-container\">\n\t\t\t\t\t<div class=\"elementor-divider\">\n\t\t\t<span class=\"elementor-divider-separator\">\n\t\t\t\t\t\t<\/span>\n\t\t<\/div>\n\t\t\t\t<\/div>\n\t\t\t\t<\/div>\n\t\t\t\t<div class=\"elementor-element elementor-element-a5356ce elementor-widget elementor-widget-text-editor\" data-id=\"a5356ce\" data-element_type=\"widget\" data-widget_type=\"text-editor.default\">\n\t\t\t\t<div class=\"elementor-widget-container\">\n\t\t\t\t\t\t\t<p>Kiedy na pocz\u0105tku tego roku Aga Szreder i Rafa\u0142 \u017bwirek zaprosili mnie do kuratorowania bloku film\u00f3w kr\u00f3tkometra\u017cowych na PPAF w Warszawie, przechodzi\u0142em przez mroczny moment.\u00a0 A poniewa\u017c osoby kuratoruj\u0105ce PPAF uwielbiaj\u0105 by\u0107 inne &#8211; i z pewno\u015bci\u0105 s\u0105 &#8211; chcia\u0142y, \u017cebym zosta\u0142 \u201ecurator in focus\u201d; prezentuj\u0105c wyb\u00f3r prac, kt\u00f3re w jaki\u015b spos\u00f3b mnie naznaczy\u0142y, zainspirowa\u0142y i wci\u0105gn\u0119\u0142y w \u015bwiat pornografii. Oczywi\u015bcie podekscytowany zgodzi\u0142em si\u0119 i po raz kolejny porno sta\u0142o si\u0119 \u015bwiat\u0142em przewodnim na niebie moich najbardziej ponurych nocy.<\/p><p>Jak m\u00f3g\u0142bym odm\u00f3wi\u0107? Dwie z moich najwi\u0119kszych \u017cyciowych pasji to FILM i SEKS (kiedy kompulsywnie u\u017cywam ich do ucieczki od rzeczywisto\u015bci, nazywam je uzale\u017cnieniami), a kiedy zacz\u0105\u0142em ogl\u0105da\u0107 dobre filmy o seksualno\u015bci, wszystko zacz\u0119\u0142o nabiera\u0107 sensu. W tym programie przedstawiam zestaw film\u00f3w, kt\u00f3re tworz\u0105 portret mojego artystycznego genotypu.<\/p><p>\u00a0<\/p><p>To dzi\u0119ki \u201ePiX\u201d (2014) Antonio Da Silvy po raz pierwszy dostrzeg\u0142em artystyczno-kreatywny potencja\u0142 pornografii. Natychmiast skontaktowa\u0142em si\u0119 z autorem, aby zaoferowa\u0107 swoje w\u0142ochate cia\u0142o otwarte na ka\u017cdy jego pomys\u0142. W tym samym roku zadebiutowa\u0142em w jego filmie \u201cSolos\u201d. Dokumentalne podej\u015bcie Da Silvy sprawia, \u017ce jego prace s\u0105 urzekaj\u0105ce, pozostaj\u0105c jednocze\u015bnie zawsze seksualnie wyraziste i zajebi\u015bcie kr\u0119c\u0105ce. Mniej wi\u0119cej w tym samym czasie, obejrza\u0142em inny film, kt\u00f3ry utkwi\u0142 mi w pami\u0119ci. By\u0142 to zrobiony w podobnej, dokupornograficznej stylistyce \u201ePUTITO\u201d Leo Meny i Alvaro Puentesa. Jako osoba \u015bwiadcz\u0105ca us\u0142ugi seksualne i pochodz\u0105ca z Chile, szczeg\u00f3lnie identyfikowa\u0142em si\u0119 z perspektyw\u0105 sex workingu, kt\u00f3r\u0105 przedstawi\u0142 Josecarlo Heriquez znany tak\u017ce jako el Putito Chileno (the Chilean Slut-Boy).<\/p><p>\u00a0<\/p><p>W 2015 roku moja (r\u00f3wnie\u017c pochodz\u0105ca z Chile) przyjaci\u00f3\u0142ka i partnerka w zbrodni Maria Basura zaprosi\u0142a mnie do wyst\u0119pu na PornFilmFestival Berlin. Po raz pierwszy uczestniczy\u0142em w pokazach kr\u00f3tkometra\u017cowych film\u00f3w porno, to by\u0142 prawdziwy pocz\u0105tek mojej podr\u00f3\u017cy. \u201eZolushka\u201d Wesa Hurleya by\u0142a tak zwariowana, zabawna i romantyczna, \u017ce natychmiast sta\u0142a si\u0119 jednym z moich ulubionych film\u00f3w. W nast\u0119pnym roku premier\u0119 mia\u0142 nasz porno-skandaliczny serial dokumentalny \u201eFuck the Fascism\u201d autorstwa Marii Basury. Maria zabra\u0142a mnie na blok filmowy \u201eFun Porno\u201d, aby obejrze\u0107 \u201eBang Van Band\u201d, bezczelny i zabawny film \u201eMinus is Valido\u201d &#8211; zrobiony wsp\u00f3lnie z Theo Meow i Nay\u0105. Wsp\u00f3lnie z nimi wkr\u00f3tce nakr\u0119ci\u0142y\u015bmy \u201ePiedad\u201d, gdzie gra\u0142em swoj\u0105 pierwsz\u0105 g\u0142\u00f3wn\u0105 rol\u0119 w filmie. Te lata wywar\u0142y na mnie bardzo silny wp\u0142yw. Pozna\u0142em tak wielu ludzi i obejrza\u0142em tak du\u017co porno, \u017ce jasne sta\u0142o si\u0119 dla mnie moje powo\u0142anie jako performera i pornografa. Zdecydowa\u0142em tak\u017ce, \u017ce humor zawsze b\u0119dzie odgrywa\u0142 fundamentaln\u0105 rol\u0119 w mojej pracy filmowca.<\/p><p>Wtedy sta\u0142o si\u0119 co\u015b nieoczekiwanego. W tamtym momencie mia\u0142em pewno\u015b\u0107, \u017ce jestem gejem (najprawdopodobniej jestem nim nadal), jednak kilka film\u00f3w zdo\u0142a\u0142o prze\u0142ama\u0107 niekt\u00f3re z moich mentalnych struktur i poszerzy\u0142o moje \u017cycie seksualne. Uwiod\u0142o mnie pi\u0119kno kobiecego cia\u0142a przyciskaj\u0105cego si\u0119 do szyby w \u201aCrystal Clear\u201d nakr\u0119conym przez Max Disgrace. Poczu\u0142em si\u0119 reprezentowany przez intymn\u0105 i zmys\u0142ow\u0105 narracj\u0119 Liny Bembe o seksualnej uleg\u0142o\u015bci w \u201eAtrophy Portraits II\u201d Four Chambers; i po raz pierwszy napali\u0142em si\u0119 na niezgrabne, trans i niebinarne cia\u0142a i ich perwersyjn\u0105 dynamik\u0119 w \u201eFULL\u201d Aorta Films.<\/p><p>\u00a0<\/p><p>Kolejn\u0105 g\u0142\u00f3wn\u0105 rol\u0105 zagra\u0142em w filmie \u201eLemon Taste\u201d (2018), filmowej gejowsko-podr\u00f3\u017cniczej fantazji erotycznej Nicky Miller. W tym samym roku premier\u0119 mia\u0142 inny film z gatunku gay-cruising fantasy: \u201dChemo Darkroom\u201d, osobisty film Harveya Rabbita o odzyskiwaniu i ponownym odkrywaniu seksualno\u015bci po chorobie nowotworowej.<\/p><p>\u00a0<\/p><p>Wszystkie te niesamowite filmy i ci utalentowani tw\u00f3rcy_nie (oraz wiele innych os\u00f3b) by\u0142y wielk\u0105 inspiracj\u0105 do mojego debiutu re\u017cyserskiego: \u201eThe MultiVerse in a MouthFuck\u201d. Potem pojawi\u0142 si\u0119 COVID i zosta\u0142em zaproszony do kuratorowania mojego pierwszego festiwalowego programu film\u00f3w kr\u00f3tkometra\u017cowych, kt\u00f3ry nazwali\u015bmy THIS IS (NOT) GAY PORN, na Exc\u00e9ntrico Fest w Chile. W moich poszukiwaniach dzie\u0142 latynoameryka\u0144skich wyr\u00f3\u017cnia\u0142 si\u0119 CYPORK DRONE Argenty\u0144czyk\u00f3w Diego Stickara i Juliana Merlo, zach\u0119caj\u0105c mnie do odkrywania rzeczy, do kt\u00f3rych nigdy wcze\u015bniej nie czu\u0142em poci\u0105gu &#8211; niekt\u00f3re z nich wkr\u00f3tce potem wypr\u00f3bowa\u0142em i niezmiernie mi si\u0119 podoba\u0142y.<\/p><p>\u00a0<\/p><p>Wreszcie, aby zamkn\u0105\u0107 ten program filmowy, chcia\u0142em w\u0142\u0105czy\u0107 co\u015b autorstwa Matta Lamberta; poniewa\u017c jestem pod wra\u017ceniem zdj\u0119\u0107 i r\u00f3\u017cnorodno\u015bci jego pracy. Wideo \u201eMoan Together\u201d zosta\u0142o nakr\u0119cone w ramach solidarno\u015bci z osobami pracuj\u0105cymi seksualnie, potrzebuj\u0105cymi pomocy podczas pandemii. Ten film pokazuje, \u017ce pornografia mo\u017ce by\u0107 r\u00f3wnie\u017c wykorzystywana jako narz\u0119dzie wsp\u00f3\u0142pracy i wsparcia, poniewa\u017c nie jest z natury tylko czym\u015b, do czego si\u0119 masturbujemy &#8211; porno jest, by\u0142o i powinno by\u0107 czym\u015b o wiele wi\u0119cej.<\/p>\t\t\t\t\t\t<\/div>\n\t\t\t\t<\/div>\n\t\t\t\t<div class=\"elementor-element elementor-element-96d0fbc elementor-widget__width-initial elementor-widget-divider--view-line elementor-widget elementor-widget-divider\" data-id=\"96d0fbc\" data-element_type=\"widget\" data-widget_type=\"divider.default\">\n\t\t\t\t<div class=\"elementor-widget-container\">\n\t\t\t\t\t<div class=\"elementor-divider\">\n\t\t\t<span class=\"elementor-divider-separator\">\n\t\t\t\t\t\t<\/span>\n\t\t<\/div>\n\t\t\t\t<\/div>\n\t\t\t\t<\/div>\n\t\t\t\t<div class=\"elementor-element elementor-element-e40f65a elementor-widget elementor-widget-text-editor\" data-id=\"e40f65a\" data-element_type=\"widget\" data-widget_type=\"text-editor.default\">\n\t\t\t\t<div class=\"elementor-widget-container\">\n\t\t\t\t\t\t\t<p>\u201e<strong>PIX<\/strong>\u201d<\/p><p>Antonio Da Silva<\/p><p>Portugalia 2014, 3\u2019<\/p><p>\u00a0<\/p><p>\u201e<strong>PUTITO<\/strong>\u201d<\/p><p>Leo Mena + Alvaro Puentes<\/p><p>Chile 2014, 4\u2019<\/p><p>\u00a0<\/p><p>\u201e<strong>Zolushka<\/strong>\u201d<\/p><p>Wes Hurley<\/p><p>USA 2014, 7\u2019<\/p><p>\u00a0<\/p><p>\u201e<strong>Bang van Band<\/strong>\u201d<\/p><p>Minus is Valido<\/p><p>Niemcy 2016, 10\u2019<\/p><p>\u00a0<\/p><p>\u201e<strong>Crystal Clear<\/strong>\u201d<\/p><p>Max Disgrace<\/p><p>UK 2017, 4\u2019<\/p><p>\u00a0<\/p><p>\u201e<strong>Atrophy Portraits II<\/strong>\u201d<\/p><p>Four Chambers<\/p><p>UK 2018, 13\u2019<\/p><p>\u00a0<\/p><p>\u201e<strong>FULL<\/strong>\u201d<\/p><p>AORTA<\/p><p>USA 2018, 14\u2019<\/p><p>\u00a0<\/p><p>&#8220;<strong>Lemon taste<\/strong>\u201d<\/p><p>Nicky Miller<\/p><p>Niemcy 2018, 9\u2019<\/p><p>\u00a0<\/p><p>\u201e<strong>The Chemo Darkroom<\/strong>\u201d<\/p><p>Harvey Rabbit<\/p><p>Niemcy 2018, 17\u2019<\/p><p>\u00a0<\/p><p>\u201e<strong>CYPORK DRONE<\/strong>\u201d<\/p><p>Diego Stickar + Julian Merlo<\/p><p>Argentyna 2020, 8\u2019<\/p><p>\u00a0<\/p><p>\u201e<strong>Moan Together<\/strong>&#8220;<\/p><p>Matt Lambert<\/p><p>USA 2020, 4\u2019<\/p>\t\t\t\t\t\t<\/div>\n\t\t\t\t<\/div>\n\t\t\t\t<div class=\"elementor-element elementor-element-10a8af4 elementor-align-center elementor-widget-tablet_extra__width-initial elementor-widget elementor-widget-button\" data-id=\"10a8af4\" data-element_type=\"widget\" data-widget_type=\"button.default\">\n\t\t\t\t<div class=\"elementor-widget-container\">\n\t\t\t\t\t<div class=\"elementor-button-wrapper\">\n\t\t\t<a class=\"elementor-button elementor-button-link elementor-size-sm elementor-animation-rotate\" href=\"https:\/\/kinoteka.pl\/film\/ppaf-filmopornograficzne-inspiracje-zestaw-shortow\/?date=2024-06-07\" target=\"_blank\">\n\t\t\t\t\t\t<span class=\"elementor-button-content-wrapper\">\n\t\t\t\t\t\t\t\t\t<span class=\"elementor-button-text\">KUP BILET<\/span>\n\t\t\t\t\t<\/span>\n\t\t\t\t\t<\/a>\n\t\t<\/div>\n\t\t\t\t<\/div>\n\t\t\t\t<\/div>\n\t\t\t\t\t<\/div>\n\t\t<\/div>\n\t\t\t\t\t<\/div>\n\t\t<\/section>\n\t\t\t\t<section class=\"elementor-section elementor-top-section elementor-element elementor-element-63ee4ed elementor-hidden-widescreen elementor-hidden-desktop elementor-hidden-tablet_extra elementor-hidden-tablet elementor-hidden-mobile elementor-section-boxed elementor-section-height-default elementor-section-height-default\" data-id=\"63ee4ed\" data-element_type=\"section\">\n\t\t\t\t\t\t<div class=\"elementor-container elementor-column-gap-default\">\n\t\t\t\t\t<div class=\"elementor-column elementor-col-50 elementor-top-column elementor-element elementor-element-65956e1\" data-id=\"65956e1\" data-element_type=\"column\">\n\t\t\t<div class=\"elementor-widget-wrap\">\n\t\t\t\t\t\t\t<\/div>\n\t\t<\/div>\n\t\t\t\t<div class=\"elementor-column elementor-col-50 elementor-top-column elementor-element elementor-element-6b725fd\" data-id=\"6b725fd\" data-element_type=\"column\">\n\t\t\t<div class=\"elementor-widget-wrap elementor-element-populated\">\n\t\t\t\t\t\t<div class=\"elementor-element elementor-element-d352a10 elementor-align-center elementor-widget elementor-widget-button\" data-id=\"d352a10\" data-element_type=\"widget\" data-widget_type=\"button.default\">\n\t\t\t\t<div class=\"elementor-widget-container\">\n\t\t\t\t\t<div class=\"elementor-button-wrapper\">\n\t\t\t<a class=\"elementor-button elementor-button-link elementor-size-xl\" href=\"https:\/\/kinomuranow.pl\/festiwale-i-przeglady\/post-pxrn-film-festival-warsaw-7-12-czerwca-2022\" target=\"_blank\">\n\t\t\t\t\t\t<span class=\"elementor-button-content-wrapper\">\n\t\t\t\t\t\t\t\t\t<span class=\"elementor-button-text\">KUP BILET<\/span>\n\t\t\t\t\t<\/span>\n\t\t\t\t\t<\/a>\n\t\t<\/div>\n\t\t\t\t<\/div>\n\t\t\t\t<\/div>\n\t\t\t\t\t<\/div>\n\t\t<\/div>\n\t\t\t\t\t<\/div>\n\t\t<\/section>\n\t\t\t\t<\/div>\n\t\t","protected":false},"excerpt":{"rendered":"<p>Kinoteka FILMO- PORNOGRAFICZNE INSPIRACJE (zestaw short\u00f3w) 93\u2019 Kurator: JorgeTheObscene 7\/06 pi\u0105tek | 17:30 sala 2 ROZW\u00d3J8\/06 sobota | 23:30 sala 4 PRZYSZ\u0141O\u015a\u01069\/06 niedziela | 16:00 sala 5 HISTORIA Kiedy na pocz\u0105tku tego roku Aga Szreder i Rafa\u0142 \u017bwirek zaprosili mnie do kuratorowania bloku film\u00f3w kr\u00f3tkometra\u017cowych na PPAF w Warszawie, przechodzi\u0142em przez mroczny moment.\u00a0 A poniewa\u017c [&hellip;]<\/p>\n","protected":false},"author":4,"featured_media":0,"parent":0,"menu_order":0,"comment_status":"closed","ping_status":"closed","template":"","meta":{"footnotes":""},"aioseo_notices":[],"_links":{"self":[{"href":"https:\/\/ppaf.pl\/index.php\/wp-json\/wp\/v2\/pages\/12664"}],"collection":[{"href":"https:\/\/ppaf.pl\/index.php\/wp-json\/wp\/v2\/pages"}],"about":[{"href":"https:\/\/ppaf.pl\/index.php\/wp-json\/wp\/v2\/types\/page"}],"author":[{"embeddable":true,"href":"https:\/\/ppaf.pl\/index.php\/wp-json\/wp\/v2\/users\/4"}],"replies":[{"embeddable":true,"href":"https:\/\/ppaf.pl\/index.php\/wp-json\/wp\/v2\/comments?post=12664"}],"version-history":[{"count":19,"href":"https:\/\/ppaf.pl\/index.php\/wp-json\/wp\/v2\/pages\/12664\/revisions"}],"predecessor-version":[{"id":14877,"href":"https:\/\/ppaf.pl\/index.php\/wp-json\/wp\/v2\/pages\/12664\/revisions\/14877"}],"wp:attachment":[{"href":"https:\/\/ppaf.pl\/index.php\/wp-json\/wp\/v2\/media?parent=12664"}],"curies":[{"name":"wp","href":"https:\/\/api.w.org\/{rel}","templated":true}]}}