{"id":12688,"date":"2024-05-24T21:22:01","date_gmt":"2024-05-24T21:22:01","guid":{"rendered":"https:\/\/ppaf.pl\/?page_id=12688"},"modified":"2024-06-04T21:14:19","modified_gmt":"2024-06-04T21:14:19","slug":"blok-2024-pl-niewygodne-dyskursy","status":"publish","type":"page","link":"https:\/\/ppaf.pl\/index.php\/blok-2024-pl-niewygodne-dyskursy\/","title":{"rendered":"blok 2024 PL NIEWYGODNE DYSKURSY"},"content":{"rendered":"\t\t<div data-elementor-type=\"wp-page\" data-elementor-id=\"12688\" class=\"elementor elementor-12688\">\n\t\t\t\t\t\t<section class=\"elementor-section elementor-top-section elementor-element elementor-element-8ca1a3d elementor-section-boxed elementor-section-height-default elementor-section-height-default\" data-id=\"8ca1a3d\" data-element_type=\"section\">\n\t\t\t\t\t\t<div class=\"elementor-container elementor-column-gap-default\">\n\t\t\t\t\t<div class=\"elementor-column elementor-col-50 elementor-top-column elementor-element elementor-element-7c637cc\" data-id=\"7c637cc\" data-element_type=\"column\">\n\t\t\t<div class=\"elementor-widget-wrap\">\n\t\t\t\t\t\t\t<\/div>\n\t\t<\/div>\n\t\t\t\t<div class=\"elementor-column elementor-col-50 elementor-top-column elementor-element elementor-element-fdf01f8\" data-id=\"fdf01f8\" data-element_type=\"column\">\n\t\t\t<div class=\"elementor-widget-wrap elementor-element-populated\">\n\t\t\t\t\t\t<div class=\"elementor-element elementor-element-f1275a7 elementor-align-right elementor-mobile-align-right elementor-widget elementor-widget-button\" data-id=\"f1275a7\" data-element_type=\"widget\" data-widget_type=\"button.default\">\n\t\t\t\t<div class=\"elementor-widget-container\">\n\t\t\t\t\t<div class=\"elementor-button-wrapper\">\n\t\t\t<a class=\"elementor-button elementor-button-link elementor-size-sm\" href=\"https:\/\/maps.app.goo.gl\/k73zyEQjy7zoUqNs9\" target=\"_blank\">\n\t\t\t\t\t\t<span class=\"elementor-button-content-wrapper\">\n\t\t\t\t\t\t<span class=\"elementor-button-icon elementor-align-icon-right\">\n\t\t\t\t<i aria-hidden=\"true\" class=\"fas fa-map-marker-alt\"><\/i>\t\t\t<\/span>\n\t\t\t\t\t\t\t\t\t<span class=\"elementor-button-text\">Kinoteka<\/span>\n\t\t\t\t\t<\/span>\n\t\t\t\t\t<\/a>\n\t\t<\/div>\n\t\t\t\t<\/div>\n\t\t\t\t<\/div>\n\t\t\t\t<div class=\"elementor-element elementor-element-3578bed elementor-hidden-mobile elementor-widget__width-initial elementor-widget-divider--view-line elementor-widget elementor-widget-divider\" data-id=\"3578bed\" data-element_type=\"widget\" data-widget_type=\"divider.default\">\n\t\t\t\t<div class=\"elementor-widget-container\">\n\t\t\t<style>\/*! elementor - v3.21.0 - 15-04-2024 *\/\n.elementor-widget-divider{--divider-border-style:none;--divider-border-width:1px;--divider-color:#0c0d0e;--divider-icon-size:20px;--divider-element-spacing:10px;--divider-pattern-height:24px;--divider-pattern-size:20px;--divider-pattern-url:none;--divider-pattern-repeat:repeat-x}.elementor-widget-divider .elementor-divider{display:flex}.elementor-widget-divider .elementor-divider__text{font-size:15px;line-height:1;max-width:95%}.elementor-widget-divider .elementor-divider__element{margin:0 var(--divider-element-spacing);flex-shrink:0}.elementor-widget-divider .elementor-icon{font-size:var(--divider-icon-size)}.elementor-widget-divider .elementor-divider-separator{display:flex;margin:0;direction:ltr}.elementor-widget-divider--view-line_icon .elementor-divider-separator,.elementor-widget-divider--view-line_text .elementor-divider-separator{align-items:center}.elementor-widget-divider--view-line_icon .elementor-divider-separator:after,.elementor-widget-divider--view-line_icon .elementor-divider-separator:before,.elementor-widget-divider--view-line_text .elementor-divider-separator:after,.elementor-widget-divider--view-line_text .elementor-divider-separator:before{display:block;content:\"\";border-block-end:0;flex-grow:1;border-block-start:var(--divider-border-width) var(--divider-border-style) var(--divider-color)}.elementor-widget-divider--element-align-left .elementor-divider .elementor-divider-separator>.elementor-divider__svg:first-of-type{flex-grow:0;flex-shrink:100}.elementor-widget-divider--element-align-left .elementor-divider-separator:before{content:none}.elementor-widget-divider--element-align-left .elementor-divider__element{margin-left:0}.elementor-widget-divider--element-align-right .elementor-divider .elementor-divider-separator>.elementor-divider__svg:last-of-type{flex-grow:0;flex-shrink:100}.elementor-widget-divider--element-align-right .elementor-divider-separator:after{content:none}.elementor-widget-divider--element-align-right .elementor-divider__element{margin-right:0}.elementor-widget-divider--element-align-start .elementor-divider .elementor-divider-separator>.elementor-divider__svg:first-of-type{flex-grow:0;flex-shrink:100}.elementor-widget-divider--element-align-start .elementor-divider-separator:before{content:none}.elementor-widget-divider--element-align-start .elementor-divider__element{margin-inline-start:0}.elementor-widget-divider--element-align-end .elementor-divider .elementor-divider-separator>.elementor-divider__svg:last-of-type{flex-grow:0;flex-shrink:100}.elementor-widget-divider--element-align-end .elementor-divider-separator:after{content:none}.elementor-widget-divider--element-align-end .elementor-divider__element{margin-inline-end:0}.elementor-widget-divider:not(.elementor-widget-divider--view-line_text):not(.elementor-widget-divider--view-line_icon) .elementor-divider-separator{border-block-start:var(--divider-border-width) var(--divider-border-style) var(--divider-color)}.elementor-widget-divider--separator-type-pattern{--divider-border-style:none}.elementor-widget-divider--separator-type-pattern.elementor-widget-divider--view-line .elementor-divider-separator,.elementor-widget-divider--separator-type-pattern:not(.elementor-widget-divider--view-line) .elementor-divider-separator:after,.elementor-widget-divider--separator-type-pattern:not(.elementor-widget-divider--view-line) .elementor-divider-separator:before,.elementor-widget-divider--separator-type-pattern:not([class*=elementor-widget-divider--view]) .elementor-divider-separator{width:100%;min-height:var(--divider-pattern-height);-webkit-mask-size:var(--divider-pattern-size) 100%;mask-size:var(--divider-pattern-size) 100%;-webkit-mask-repeat:var(--divider-pattern-repeat);mask-repeat:var(--divider-pattern-repeat);background-color:var(--divider-color);-webkit-mask-image:var(--divider-pattern-url);mask-image:var(--divider-pattern-url)}.elementor-widget-divider--no-spacing{--divider-pattern-size:auto}.elementor-widget-divider--bg-round{--divider-pattern-repeat:round}.rtl .elementor-widget-divider .elementor-divider__text{direction:rtl}.e-con-inner>.elementor-widget-divider,.e-con>.elementor-widget-divider{width:var(--container-widget-width,100%);--flex-grow:var(--container-widget-flex-grow)}<\/style>\t\t<div class=\"elementor-divider\">\n\t\t\t<span class=\"elementor-divider-separator\">\n\t\t\t\t\t\t<\/span>\n\t\t<\/div>\n\t\t\t\t<\/div>\n\t\t\t\t<\/div>\n\t\t\t\t\t<\/div>\n\t\t<\/div>\n\t\t\t\t\t<\/div>\n\t\t<\/section>\n\t\t\t\t<section class=\"elementor-section elementor-top-section elementor-element elementor-element-d925c9f elementor-section-boxed elementor-section-height-default elementor-section-height-default\" data-id=\"d925c9f\" data-element_type=\"section\">\n\t\t\t\t\t\t<div class=\"elementor-container elementor-column-gap-default\">\n\t\t\t\t\t<div class=\"elementor-column elementor-col-33 elementor-top-column elementor-element elementor-element-12b5d46\" data-id=\"12b5d46\" data-element_type=\"column\">\n\t\t\t<div class=\"elementor-widget-wrap\">\n\t\t\t\t\t\t\t<\/div>\n\t\t<\/div>\n\t\t\t\t<div class=\"elementor-column elementor-col-33 elementor-top-column elementor-element elementor-element-425594f\" data-id=\"425594f\" data-element_type=\"column\" data-settings=\"{&quot;background_background&quot;:&quot;classic&quot;}\">\n\t\t\t<div class=\"elementor-widget-wrap elementor-element-populated\">\n\t\t\t\t\t\t<div class=\"elementor-element elementor-element-8d7cb99 elementor-widget-tablet_extra__width-initial elementor-widget elementor-widget-heading\" data-id=\"8d7cb99\" data-element_type=\"widget\" data-widget_type=\"heading.default\">\n\t\t\t\t<div class=\"elementor-widget-container\">\n\t\t\t<style>\/*! elementor - v3.21.0 - 15-04-2024 *\/\n.elementor-heading-title{padding:0;margin:0;line-height:1}.elementor-widget-heading .elementor-heading-title[class*=elementor-size-]>a{color:inherit;font-size:inherit;line-height:inherit}.elementor-widget-heading .elementor-heading-title.elementor-size-small{font-size:15px}.elementor-widget-heading .elementor-heading-title.elementor-size-medium{font-size:19px}.elementor-widget-heading .elementor-heading-title.elementor-size-large{font-size:29px}.elementor-widget-heading .elementor-heading-title.elementor-size-xl{font-size:39px}.elementor-widget-heading .elementor-heading-title.elementor-size-xxl{font-size:59px}<\/style><h2 class=\"elementor-heading-title elementor-size-default\">NIEWYGODNE DYSKURSY <\/h2>\t\t<\/div>\n\t\t\t\t<\/div>\n\t\t\t\t<div class=\"elementor-element elementor-element-a0fbc60 elementor-widget-tablet_extra__width-initial elementor-widget elementor-widget-text-editor\" data-id=\"a0fbc60\" data-element_type=\"widget\" data-widget_type=\"text-editor.default\">\n\t\t\t\t<div class=\"elementor-widget-container\">\n\t\t\t<style>\/*! elementor - v3.21.0 - 15-04-2024 *\/\n.elementor-widget-text-editor.elementor-drop-cap-view-stacked .elementor-drop-cap{background-color:#69727d;color:#fff}.elementor-widget-text-editor.elementor-drop-cap-view-framed .elementor-drop-cap{color:#69727d;border:3px solid;background-color:transparent}.elementor-widget-text-editor:not(.elementor-drop-cap-view-default) .elementor-drop-cap{margin-top:8px}.elementor-widget-text-editor:not(.elementor-drop-cap-view-default) .elementor-drop-cap-letter{width:1em;height:1em}.elementor-widget-text-editor .elementor-drop-cap{float:left;text-align:center;line-height:1;font-size:50px}.elementor-widget-text-editor .elementor-drop-cap-letter{display:inline-block}<\/style>\t\t\t\t<div>\n<p>(short films program) 86\u2019<\/p>\n<p>7\/06 pi\u0105tek | 19:00 sala 1 KULTURA<br>8\/06 sobota | 19:00 sala 5 HISTORIA<br>9\/06 niedziela | 16:00 sala 1 KULTURA<\/p>\n<\/div>\t\t\t\t\t\t<\/div>\n\t\t\t\t<\/div>\n\t\t\t\t\t<\/div>\n\t\t<\/div>\n\t\t\t\t<div class=\"elementor-column elementor-col-33 elementor-top-column elementor-element elementor-element-29524fb\" data-id=\"29524fb\" data-element_type=\"column\">\n\t\t\t<div class=\"elementor-widget-wrap elementor-element-populated\">\n\t\t\t\t\t\t<div class=\"elementor-element elementor-element-379f433 elementor-widget-tablet_extra__width-initial elementor-widget elementor-widget-image\" data-id=\"379f433\" data-element_type=\"widget\" data-widget_type=\"image.default\">\n\t\t\t\t<div class=\"elementor-widget-container\">\n\t\t\t<style>\/*! elementor - v3.21.0 - 15-04-2024 *\/\n.elementor-widget-image{text-align:center}.elementor-widget-image a{display:inline-block}.elementor-widget-image a img[src$=\".svg\"]{width:48px}.elementor-widget-image img{vertical-align:middle;display:inline-block}<\/style>\t\t\t\t\t\t\t\t\t\t<img fetchpriority=\"high\" decoding=\"async\" width=\"2126\" height=\"1376\" src=\"https:\/\/ppaf.pl\/wp-content\/uploads\/2024\/05\/NIEWYGODNE-DYSKURSY.png\" class=\"attachment-full size-full wp-image-11463\" alt=\"\" srcset=\"https:\/\/ppaf.pl\/wp-content\/uploads\/2024\/05\/NIEWYGODNE-DYSKURSY.png 2126w, https:\/\/ppaf.pl\/wp-content\/uploads\/2024\/05\/NIEWYGODNE-DYSKURSY-300x194.png 300w, https:\/\/ppaf.pl\/wp-content\/uploads\/2024\/05\/NIEWYGODNE-DYSKURSY-1024x663.png 1024w, https:\/\/ppaf.pl\/wp-content\/uploads\/2024\/05\/NIEWYGODNE-DYSKURSY-768x497.png 768w, https:\/\/ppaf.pl\/wp-content\/uploads\/2024\/05\/NIEWYGODNE-DYSKURSY-1536x994.png 1536w, https:\/\/ppaf.pl\/wp-content\/uploads\/2024\/05\/NIEWYGODNE-DYSKURSY-2048x1326.png 2048w\" sizes=\"(max-width: 2126px) 100vw, 2126px\" \/>\t\t\t\t\t\t\t\t\t\t\t\t\t<\/div>\n\t\t\t\t<\/div>\n\t\t\t\t\t<\/div>\n\t\t<\/div>\n\t\t\t\t\t<\/div>\n\t\t<\/section>\n\t\t\t\t<section class=\"elementor-section elementor-top-section elementor-element elementor-element-25897ec elementor-section-boxed elementor-section-height-default elementor-section-height-default\" data-id=\"25897ec\" data-element_type=\"section\">\n\t\t\t\t\t\t<div class=\"elementor-container elementor-column-gap-default\">\n\t\t\t\t\t<div class=\"elementor-column elementor-col-50 elementor-top-column elementor-element elementor-element-85cbd30\" data-id=\"85cbd30\" data-element_type=\"column\">\n\t\t\t<div class=\"elementor-widget-wrap\">\n\t\t\t\t\t\t\t<\/div>\n\t\t<\/div>\n\t\t\t\t<div class=\"elementor-column elementor-col-50 elementor-top-column elementor-element elementor-element-02b80eb\" data-id=\"02b80eb\" data-element_type=\"column\">\n\t\t\t<div class=\"elementor-widget-wrap elementor-element-populated\">\n\t\t\t\t\t\t<div class=\"elementor-element elementor-element-7c84c61 elementor-widget__width-initial elementor-widget-divider--view-line elementor-widget elementor-widget-divider\" data-id=\"7c84c61\" data-element_type=\"widget\" data-widget_type=\"divider.default\">\n\t\t\t\t<div class=\"elementor-widget-container\">\n\t\t\t\t\t<div class=\"elementor-divider\">\n\t\t\t<span class=\"elementor-divider-separator\">\n\t\t\t\t\t\t<\/span>\n\t\t<\/div>\n\t\t\t\t<\/div>\n\t\t\t\t<\/div>\n\t\t\t\t<div class=\"elementor-element elementor-element-a5356ce elementor-widget elementor-widget-text-editor\" data-id=\"a5356ce\" data-element_type=\"widget\" data-widget_type=\"text-editor.default\">\n\t\t\t\t<div class=\"elementor-widget-container\">\n\t\t\t\t\t\t\t<p>Kiedy spotykamy si\u0119\u00a0 ze swoj\u0105 \/ innych\u00a0 seksualno\u015bci\u0105 to cz\u0119sto trafiamy na sytuacje, kt\u00f3re trzeba oswoi\u0107, odczarowa\u0107, czasem po prostu do\u015bwiadczy\u0107 &#8211; by m\u00f3c t\u0119 seksualno\u015b\u0107 w pe\u0142ni zaakceptowa\u0107 i cieszy\u0107 si\u0119 ni\u0105. Refleksyjne podej\u015bcie do w\u0142asnego\/ innego cia\u0142a wydaje si\u0119 mie\u0107 istotny potencja\u0142 terapeutyczny i potencja\u0142 zmiany. Zdarza si\u0119, \u017ce brakuje nam j\u0119zyka, by jasno komunikowa\u0107 swoje potrzeby (\u201eSilent film\u2019) ale tez zdarza si\u0119, \u017ce \u015bwiadome okre\u015blenie co jest prywatne \/ publiczne \/ wsp\u00f3lne (\u201e We Bites Us\u201d) ca\u0142kowicie zmienia nasze postrzeganie.<\/p><p>Opowie\u015bci z tej sekcji bywaj\u0105 trudne (\u201eScars\u201d), wzruszaj\u0105ce (\u201eJackob and Jim\u201d) lub niepokoj\u0105ce (\u201eThe Divine Right to Stagnation\u201d) ale przyjrzyjmy si\u0119 im z trosk\u0105 i czu\u0142o\u015bci\u0105, bez zb\u0119dnego dystansu. A je\u017celi po projekcji tak samo spojrzymy na siebie \/ innych_e to znaczy, \u017ce to co niewygodne wcale tak mocno nas nie uwiera. Warto to sprawdzi\u0107.<\/p>\t\t\t\t\t\t<\/div>\n\t\t\t\t<\/div>\n\t\t\t\t<div class=\"elementor-element elementor-element-96d0fbc elementor-widget__width-initial elementor-widget-divider--view-line elementor-widget elementor-widget-divider\" data-id=\"96d0fbc\" data-element_type=\"widget\" data-widget_type=\"divider.default\">\n\t\t\t\t<div class=\"elementor-widget-container\">\n\t\t\t\t\t<div class=\"elementor-divider\">\n\t\t\t<span class=\"elementor-divider-separator\">\n\t\t\t\t\t\t<\/span>\n\t\t<\/div>\n\t\t\t\t<\/div>\n\t\t\t\t<\/div>\n\t\t\t\t<div class=\"elementor-element elementor-element-e40f65a elementor-widget elementor-widget-text-editor\" data-id=\"e40f65a\" data-element_type=\"widget\" data-widget_type=\"text-editor.default\">\n\t\t\t\t<div class=\"elementor-widget-container\">\n\t\t\t\t\t\t\t<p>\u201e<strong>Cane<\/strong>\u201d<\/p>\n<p>Bendix Mignon<\/p>\n<p>Niemcy 2024, 5\u2019<\/p>\n<p><\/p>\n<p>\u201e<strong>We Bites Us<\/strong>\u201d<\/p>\n<p>Karolina Kucia<\/p>\n<p>Finlandia 2023, 17\u2019<\/p>\n<p><\/p>\n<p>\u201e<strong>Change Of Life<\/strong>\u201d<\/p>\n<p>Monika Mamzeta<\/p>\n<p>Polska 2023, 2\u2019<\/p>\n<p><\/p>\n<p>\u201e<strong>I Really Want To Get Fucked<\/strong>\u201d<\/p>\n<p>Robin Astera<\/p>\n<p>Niemcy 2024, 6\u2019<\/p>\n<p><\/p>\n<p>\u201e<strong>Jackob and Jim<\/strong>\u201d<\/p>\n<p>Wolfgang Wisely<\/p>\n<p>UK 2023, 2\u2019<\/p>\n<p><\/p>\n<p>\u201e<strong>SCARS<\/strong>\u201d<\/p>\n<p>Lilian Liquid<\/p>\n<p>Niemcy 2023, 7\u2019<\/p>\n<p><\/p>\n<p>\u201e<strong>For AE with Love<\/strong>\u201d<\/p>\n<p>maryann peony<\/p>\n<p>Niemcy 2017, 6\u2019<\/p>\n<p><\/p>\n<p>\u201e<strong>The Boys Who Sit Down to Pee<\/strong>\u201d<\/p>\n<p>bonaventure tain<\/p>\n<p>Malezja 2023, 22\u2019<\/p>\n<p><\/p>\n<p><strong>Silent film<\/strong><\/p>\n<p>Kuba Tschierse<\/p>\n<p>Polska 2024, 2\u2019<\/p>\n<p><\/p>\n<p>\u201e<strong>Penetration<\/strong>\u201d<\/p>\n<p>Dawid Konopka<\/p>\n<p>Polska 2023, 2\u2019<\/p>\n<p><\/p>\n<p>\u201e<strong>The Divine Right of Stagnation<\/strong>\u201d<\/p>\n<p>Marc Blackie<\/p>\n<p>UK 2023, 15\u2019<\/p>\t\t\t\t\t\t<\/div>\n\t\t\t\t<\/div>\n\t\t\t\t<div class=\"elementor-element elementor-element-10a8af4 elementor-align-center elementor-widget-tablet_extra__width-initial elementor-widget elementor-widget-button\" data-id=\"10a8af4\" data-element_type=\"widget\" data-widget_type=\"button.default\">\n\t\t\t\t<div class=\"elementor-widget-container\">\n\t\t\t\t\t<div class=\"elementor-button-wrapper\">\n\t\t\t<a class=\"elementor-button elementor-button-link elementor-size-sm elementor-animation-rotate\" href=\"https:\/\/kinoteka.pl\/film\/ppaf-niewygodne-dyskursy-zestaw-shortow\/?date=2024-06-07\" target=\"_blank\">\n\t\t\t\t\t\t<span class=\"elementor-button-content-wrapper\">\n\t\t\t\t\t\t\t\t\t<span class=\"elementor-button-text\">KUP BILET<\/span>\n\t\t\t\t\t<\/span>\n\t\t\t\t\t<\/a>\n\t\t<\/div>\n\t\t\t\t<\/div>\n\t\t\t\t<\/div>\n\t\t\t\t\t<\/div>\n\t\t<\/div>\n\t\t\t\t\t<\/div>\n\t\t<\/section>\n\t\t\t\t<section class=\"elementor-section elementor-top-section elementor-element elementor-element-63ee4ed elementor-hidden-widescreen elementor-hidden-desktop elementor-hidden-tablet_extra elementor-hidden-tablet elementor-hidden-mobile elementor-section-boxed elementor-section-height-default elementor-section-height-default\" data-id=\"63ee4ed\" data-element_type=\"section\">\n\t\t\t\t\t\t<div class=\"elementor-container elementor-column-gap-default\">\n\t\t\t\t\t<div class=\"elementor-column elementor-col-50 elementor-top-column elementor-element elementor-element-65956e1\" data-id=\"65956e1\" data-element_type=\"column\">\n\t\t\t<div class=\"elementor-widget-wrap\">\n\t\t\t\t\t\t\t<\/div>\n\t\t<\/div>\n\t\t\t\t<div class=\"elementor-column elementor-col-50 elementor-top-column elementor-element elementor-element-6b725fd\" data-id=\"6b725fd\" data-element_type=\"column\">\n\t\t\t<div class=\"elementor-widget-wrap elementor-element-populated\">\n\t\t\t\t\t\t<div class=\"elementor-element elementor-element-d352a10 elementor-align-center elementor-widget elementor-widget-button\" data-id=\"d352a10\" data-element_type=\"widget\" data-widget_type=\"button.default\">\n\t\t\t\t<div class=\"elementor-widget-container\">\n\t\t\t\t\t<div class=\"elementor-button-wrapper\">\n\t\t\t<a class=\"elementor-button elementor-button-link elementor-size-xl\" href=\"https:\/\/kinomuranow.pl\/festiwale-i-przeglady\/post-pxrn-film-festival-warsaw-7-12-czerwca-2022\" target=\"_blank\">\n\t\t\t\t\t\t<span class=\"elementor-button-content-wrapper\">\n\t\t\t\t\t\t\t\t\t<span class=\"elementor-button-text\">KUP BILET<\/span>\n\t\t\t\t\t<\/span>\n\t\t\t\t\t<\/a>\n\t\t<\/div>\n\t\t\t\t<\/div>\n\t\t\t\t<\/div>\n\t\t\t\t\t<\/div>\n\t\t<\/div>\n\t\t\t\t\t<\/div>\n\t\t<\/section>\n\t\t\t\t<\/div>\n\t\t","protected":false},"excerpt":{"rendered":"<p>Kinoteka NIEWYGODNE DYSKURSY (short films program) 86\u2019 7\/06 pi\u0105tek | 19:00 sala 1 KULTURA8\/06 sobota | 19:00 sala 5 HISTORIA9\/06 niedziela | 16:00 sala 1 KULTURA Kiedy spotykamy si\u0119\u00a0 ze swoj\u0105 \/ innych\u00a0 seksualno\u015bci\u0105 to cz\u0119sto trafiamy na sytuacje, kt\u00f3re trzeba oswoi\u0107, odczarowa\u0107, czasem po prostu do\u015bwiadczy\u0107 &#8211; by m\u00f3c t\u0119 seksualno\u015b\u0107 w pe\u0142ni zaakceptowa\u0107 [&hellip;]<\/p>\n","protected":false},"author":4,"featured_media":0,"parent":0,"menu_order":0,"comment_status":"closed","ping_status":"closed","template":"","meta":{"footnotes":""},"aioseo_notices":[],"_links":{"self":[{"href":"https:\/\/ppaf.pl\/index.php\/wp-json\/wp\/v2\/pages\/12688"}],"collection":[{"href":"https:\/\/ppaf.pl\/index.php\/wp-json\/wp\/v2\/pages"}],"about":[{"href":"https:\/\/ppaf.pl\/index.php\/wp-json\/wp\/v2\/types\/page"}],"author":[{"embeddable":true,"href":"https:\/\/ppaf.pl\/index.php\/wp-json\/wp\/v2\/users\/4"}],"replies":[{"embeddable":true,"href":"https:\/\/ppaf.pl\/index.php\/wp-json\/wp\/v2\/comments?post=12688"}],"version-history":[{"count":10,"href":"https:\/\/ppaf.pl\/index.php\/wp-json\/wp\/v2\/pages\/12688\/revisions"}],"predecessor-version":[{"id":14898,"href":"https:\/\/ppaf.pl\/index.php\/wp-json\/wp\/v2\/pages\/12688\/revisions\/14898"}],"wp:attachment":[{"href":"https:\/\/ppaf.pl\/index.php\/wp-json\/wp\/v2\/media?parent=12688"}],"curies":[{"name":"wp","href":"https:\/\/api.w.org\/{rel}","templated":true}]}}