{"id":12783,"date":"2024-05-24T22:06:43","date_gmt":"2024-05-24T22:06:43","guid":{"rendered":"https:\/\/ppaf.pl\/?page_id=12783"},"modified":"2024-06-04T21:16:02","modified_gmt":"2024-06-04T21:16:02","slug":"blok-2024-pl-niezwykle-scenariusze-kliry-elfki-i-inne-istoty","status":"publish","type":"page","link":"https:\/\/ppaf.pl\/index.php\/blok-2024-pl-niezwykle-scenariusze-kliry-elfki-i-inne-istoty\/","title":{"rendered":"blok 2024 PL NIEZWYK\u0141E SCENARIUSZE: K\u0141IRY, ELFKI I INNE ISTOTY"},"content":{"rendered":"\t\t<div data-elementor-type=\"wp-page\" data-elementor-id=\"12783\" class=\"elementor elementor-12783\">\n\t\t\t\t\t\t<section class=\"elementor-section elementor-top-section elementor-element elementor-element-8ca1a3d elementor-section-boxed elementor-section-height-default elementor-section-height-default\" data-id=\"8ca1a3d\" data-element_type=\"section\">\n\t\t\t\t\t\t<div class=\"elementor-container elementor-column-gap-default\">\n\t\t\t\t\t<div class=\"elementor-column elementor-col-50 elementor-top-column elementor-element elementor-element-7c637cc\" data-id=\"7c637cc\" data-element_type=\"column\">\n\t\t\t<div class=\"elementor-widget-wrap\">\n\t\t\t\t\t\t\t<\/div>\n\t\t<\/div>\n\t\t\t\t<div class=\"elementor-column elementor-col-50 elementor-top-column elementor-element elementor-element-fdf01f8\" data-id=\"fdf01f8\" data-element_type=\"column\">\n\t\t\t<div class=\"elementor-widget-wrap elementor-element-populated\">\n\t\t\t\t\t\t<div class=\"elementor-element elementor-element-f1275a7 elementor-align-right elementor-mobile-align-right elementor-widget elementor-widget-button\" data-id=\"f1275a7\" data-element_type=\"widget\" data-widget_type=\"button.default\">\n\t\t\t\t<div class=\"elementor-widget-container\">\n\t\t\t\t\t<div class=\"elementor-button-wrapper\">\n\t\t\t<a class=\"elementor-button elementor-button-link elementor-size-sm\" href=\"https:\/\/maps.app.goo.gl\/k73zyEQjy7zoUqNs9\" target=\"_blank\">\n\t\t\t\t\t\t<span class=\"elementor-button-content-wrapper\">\n\t\t\t\t\t\t<span class=\"elementor-button-icon elementor-align-icon-right\">\n\t\t\t\t<i aria-hidden=\"true\" class=\"fas fa-map-marker-alt\"><\/i>\t\t\t<\/span>\n\t\t\t\t\t\t\t\t\t<span class=\"elementor-button-text\">Kinoteka<\/span>\n\t\t\t\t\t<\/span>\n\t\t\t\t\t<\/a>\n\t\t<\/div>\n\t\t\t\t<\/div>\n\t\t\t\t<\/div>\n\t\t\t\t<div class=\"elementor-element elementor-element-3578bed elementor-hidden-mobile elementor-widget__width-initial elementor-widget-divider--view-line elementor-widget elementor-widget-divider\" data-id=\"3578bed\" data-element_type=\"widget\" data-widget_type=\"divider.default\">\n\t\t\t\t<div class=\"elementor-widget-container\">\n\t\t\t<style>\/*! elementor - v3.21.0 - 15-04-2024 *\/\n.elementor-widget-divider{--divider-border-style:none;--divider-border-width:1px;--divider-color:#0c0d0e;--divider-icon-size:20px;--divider-element-spacing:10px;--divider-pattern-height:24px;--divider-pattern-size:20px;--divider-pattern-url:none;--divider-pattern-repeat:repeat-x}.elementor-widget-divider .elementor-divider{display:flex}.elementor-widget-divider .elementor-divider__text{font-size:15px;line-height:1;max-width:95%}.elementor-widget-divider .elementor-divider__element{margin:0 var(--divider-element-spacing);flex-shrink:0}.elementor-widget-divider .elementor-icon{font-size:var(--divider-icon-size)}.elementor-widget-divider .elementor-divider-separator{display:flex;margin:0;direction:ltr}.elementor-widget-divider--view-line_icon .elementor-divider-separator,.elementor-widget-divider--view-line_text .elementor-divider-separator{align-items:center}.elementor-widget-divider--view-line_icon .elementor-divider-separator:after,.elementor-widget-divider--view-line_icon .elementor-divider-separator:before,.elementor-widget-divider--view-line_text .elementor-divider-separator:after,.elementor-widget-divider--view-line_text .elementor-divider-separator:before{display:block;content:\"\";border-block-end:0;flex-grow:1;border-block-start:var(--divider-border-width) var(--divider-border-style) var(--divider-color)}.elementor-widget-divider--element-align-left .elementor-divider .elementor-divider-separator>.elementor-divider__svg:first-of-type{flex-grow:0;flex-shrink:100}.elementor-widget-divider--element-align-left .elementor-divider-separator:before{content:none}.elementor-widget-divider--element-align-left .elementor-divider__element{margin-left:0}.elementor-widget-divider--element-align-right .elementor-divider .elementor-divider-separator>.elementor-divider__svg:last-of-type{flex-grow:0;flex-shrink:100}.elementor-widget-divider--element-align-right .elementor-divider-separator:after{content:none}.elementor-widget-divider--element-align-right .elementor-divider__element{margin-right:0}.elementor-widget-divider--element-align-start .elementor-divider .elementor-divider-separator>.elementor-divider__svg:first-of-type{flex-grow:0;flex-shrink:100}.elementor-widget-divider--element-align-start .elementor-divider-separator:before{content:none}.elementor-widget-divider--element-align-start .elementor-divider__element{margin-inline-start:0}.elementor-widget-divider--element-align-end .elementor-divider .elementor-divider-separator>.elementor-divider__svg:last-of-type{flex-grow:0;flex-shrink:100}.elementor-widget-divider--element-align-end .elementor-divider-separator:after{content:none}.elementor-widget-divider--element-align-end .elementor-divider__element{margin-inline-end:0}.elementor-widget-divider:not(.elementor-widget-divider--view-line_text):not(.elementor-widget-divider--view-line_icon) .elementor-divider-separator{border-block-start:var(--divider-border-width) var(--divider-border-style) var(--divider-color)}.elementor-widget-divider--separator-type-pattern{--divider-border-style:none}.elementor-widget-divider--separator-type-pattern.elementor-widget-divider--view-line .elementor-divider-separator,.elementor-widget-divider--separator-type-pattern:not(.elementor-widget-divider--view-line) .elementor-divider-separator:after,.elementor-widget-divider--separator-type-pattern:not(.elementor-widget-divider--view-line) .elementor-divider-separator:before,.elementor-widget-divider--separator-type-pattern:not([class*=elementor-widget-divider--view]) .elementor-divider-separator{width:100%;min-height:var(--divider-pattern-height);-webkit-mask-size:var(--divider-pattern-size) 100%;mask-size:var(--divider-pattern-size) 100%;-webkit-mask-repeat:var(--divider-pattern-repeat);mask-repeat:var(--divider-pattern-repeat);background-color:var(--divider-color);-webkit-mask-image:var(--divider-pattern-url);mask-image:var(--divider-pattern-url)}.elementor-widget-divider--no-spacing{--divider-pattern-size:auto}.elementor-widget-divider--bg-round{--divider-pattern-repeat:round}.rtl .elementor-widget-divider .elementor-divider__text{direction:rtl}.e-con-inner>.elementor-widget-divider,.e-con>.elementor-widget-divider{width:var(--container-widget-width,100%);--flex-grow:var(--container-widget-flex-grow)}<\/style>\t\t<div class=\"elementor-divider\">\n\t\t\t<span class=\"elementor-divider-separator\">\n\t\t\t\t\t\t<\/span>\n\t\t<\/div>\n\t\t\t\t<\/div>\n\t\t\t\t<\/div>\n\t\t\t\t\t<\/div>\n\t\t<\/div>\n\t\t\t\t\t<\/div>\n\t\t<\/section>\n\t\t\t\t<section class=\"elementor-section elementor-top-section elementor-element elementor-element-d925c9f elementor-section-boxed elementor-section-height-default elementor-section-height-default\" data-id=\"d925c9f\" data-element_type=\"section\">\n\t\t\t\t\t\t<div class=\"elementor-container elementor-column-gap-default\">\n\t\t\t\t\t<div class=\"elementor-column elementor-col-33 elementor-top-column elementor-element elementor-element-12b5d46\" data-id=\"12b5d46\" data-element_type=\"column\">\n\t\t\t<div class=\"elementor-widget-wrap\">\n\t\t\t\t\t\t\t<\/div>\n\t\t<\/div>\n\t\t\t\t<div class=\"elementor-column elementor-col-33 elementor-top-column elementor-element elementor-element-425594f\" data-id=\"425594f\" data-element_type=\"column\" data-settings=\"{&quot;background_background&quot;:&quot;classic&quot;}\">\n\t\t\t<div class=\"elementor-widget-wrap elementor-element-populated\">\n\t\t\t\t\t\t<div class=\"elementor-element elementor-element-8d7cb99 elementor-widget elementor-widget-heading\" data-id=\"8d7cb99\" data-element_type=\"widget\" data-widget_type=\"heading.default\">\n\t\t\t\t<div class=\"elementor-widget-container\">\n\t\t\t<style>\/*! elementor - v3.21.0 - 15-04-2024 *\/\n.elementor-heading-title{padding:0;margin:0;line-height:1}.elementor-widget-heading .elementor-heading-title[class*=elementor-size-]>a{color:inherit;font-size:inherit;line-height:inherit}.elementor-widget-heading .elementor-heading-title.elementor-size-small{font-size:15px}.elementor-widget-heading .elementor-heading-title.elementor-size-medium{font-size:19px}.elementor-widget-heading .elementor-heading-title.elementor-size-large{font-size:29px}.elementor-widget-heading .elementor-heading-title.elementor-size-xl{font-size:39px}.elementor-widget-heading .elementor-heading-title.elementor-size-xxl{font-size:59px}<\/style><h2 class=\"elementor-heading-title elementor-size-default\">NIEZWYK\u0141E SCENARIUSZE: K\u0141IRY, ELFKI I INNE ISTOTY <\/h2>\t\t<\/div>\n\t\t\t\t<\/div>\n\t\t\t\t<div class=\"elementor-element elementor-element-a0fbc60 elementor-widget-tablet_extra__width-initial elementor-widget elementor-widget-text-editor\" data-id=\"a0fbc60\" data-element_type=\"widget\" data-widget_type=\"text-editor.default\">\n\t\t\t\t<div class=\"elementor-widget-container\">\n\t\t\t<style>\/*! elementor - v3.21.0 - 15-04-2024 *\/\n.elementor-widget-text-editor.elementor-drop-cap-view-stacked .elementor-drop-cap{background-color:#69727d;color:#fff}.elementor-widget-text-editor.elementor-drop-cap-view-framed .elementor-drop-cap{color:#69727d;border:3px solid;background-color:transparent}.elementor-widget-text-editor:not(.elementor-drop-cap-view-default) .elementor-drop-cap{margin-top:8px}.elementor-widget-text-editor:not(.elementor-drop-cap-view-default) .elementor-drop-cap-letter{width:1em;height:1em}.elementor-widget-text-editor .elementor-drop-cap{float:left;text-align:center;line-height:1;font-size:50px}.elementor-widget-text-editor .elementor-drop-cap-letter{display:inline-block}<\/style>\t\t\t\t<div>\n<p>(zestaw short\u00f3w) 73\u2019<\/p>\n<p>7\/06 pi\u0105tek | 21:00 sala 5 HISTORIA<br>8\/06 sobota | 13:00 sala 5 HISTORIA<br>9\/06 niedziela | 16:30 sala 2 ROZW\u00d3J<\/p>\n<p><\/p>\n<\/div>\t\t\t\t\t\t<\/div>\n\t\t\t\t<\/div>\n\t\t\t\t\t<\/div>\n\t\t<\/div>\n\t\t\t\t<div class=\"elementor-column elementor-col-33 elementor-top-column elementor-element elementor-element-29524fb\" data-id=\"29524fb\" data-element_type=\"column\">\n\t\t\t<div class=\"elementor-widget-wrap elementor-element-populated\">\n\t\t\t\t\t\t<div class=\"elementor-element elementor-element-379f433 elementor-widget elementor-widget-image\" data-id=\"379f433\" data-element_type=\"widget\" data-widget_type=\"image.default\">\n\t\t\t\t<div class=\"elementor-widget-container\">\n\t\t\t<style>\/*! elementor - v3.21.0 - 15-04-2024 *\/\n.elementor-widget-image{text-align:center}.elementor-widget-image a{display:inline-block}.elementor-widget-image a img[src$=\".svg\"]{width:48px}.elementor-widget-image img{vertical-align:middle;display:inline-block}<\/style>\t\t\t\t\t\t\t\t\t\t<img fetchpriority=\"high\" decoding=\"async\" width=\"1920\" height=\"1080\" src=\"https:\/\/ppaf.pl\/wp-content\/uploads\/2024\/05\/NIEZWYKLE-SCENARIUSZE.jpg\" class=\"attachment-full size-full wp-image-11470\" alt=\"\" srcset=\"https:\/\/ppaf.pl\/wp-content\/uploads\/2024\/05\/NIEZWYKLE-SCENARIUSZE.jpg 1920w, https:\/\/ppaf.pl\/wp-content\/uploads\/2024\/05\/NIEZWYKLE-SCENARIUSZE-300x169.jpg 300w, https:\/\/ppaf.pl\/wp-content\/uploads\/2024\/05\/NIEZWYKLE-SCENARIUSZE-1024x576.jpg 1024w, https:\/\/ppaf.pl\/wp-content\/uploads\/2024\/05\/NIEZWYKLE-SCENARIUSZE-768x432.jpg 768w, https:\/\/ppaf.pl\/wp-content\/uploads\/2024\/05\/NIEZWYKLE-SCENARIUSZE-1536x864.jpg 1536w\" sizes=\"(max-width: 1920px) 100vw, 1920px\" \/>\t\t\t\t\t\t\t\t\t\t\t\t\t<\/div>\n\t\t\t\t<\/div>\n\t\t\t\t\t<\/div>\n\t\t<\/div>\n\t\t\t\t\t<\/div>\n\t\t<\/section>\n\t\t\t\t<section class=\"elementor-section elementor-top-section elementor-element elementor-element-25897ec elementor-section-boxed elementor-section-height-default elementor-section-height-default\" data-id=\"25897ec\" data-element_type=\"section\">\n\t\t\t\t\t\t<div class=\"elementor-container elementor-column-gap-default\">\n\t\t\t\t\t<div class=\"elementor-column elementor-col-50 elementor-top-column elementor-element elementor-element-85cbd30\" data-id=\"85cbd30\" data-element_type=\"column\">\n\t\t\t<div class=\"elementor-widget-wrap\">\n\t\t\t\t\t\t\t<\/div>\n\t\t<\/div>\n\t\t\t\t<div class=\"elementor-column elementor-col-50 elementor-top-column elementor-element elementor-element-02b80eb\" data-id=\"02b80eb\" data-element_type=\"column\">\n\t\t\t<div class=\"elementor-widget-wrap elementor-element-populated\">\n\t\t\t\t\t\t<div class=\"elementor-element elementor-element-7c84c61 elementor-widget__width-initial elementor-widget-divider--view-line elementor-widget elementor-widget-divider\" data-id=\"7c84c61\" data-element_type=\"widget\" data-widget_type=\"divider.default\">\n\t\t\t\t<div class=\"elementor-widget-container\">\n\t\t\t\t\t<div class=\"elementor-divider\">\n\t\t\t<span class=\"elementor-divider-separator\">\n\t\t\t\t\t\t<\/span>\n\t\t<\/div>\n\t\t\t\t<\/div>\n\t\t\t\t<\/div>\n\t\t\t\t<div class=\"elementor-element elementor-element-a5356ce elementor-widget elementor-widget-text-editor\" data-id=\"a5356ce\" data-element_type=\"widget\" data-widget_type=\"text-editor.default\">\n\t\t\t\t<div class=\"elementor-widget-container\">\n\t\t\t\t\t\t\t<p class=\"Tre\">Ju\u017c sama mnogo\u015b\u0107 byt<span lang=\"ES-TRAD\" style=\"mso-ansi-language: ES-TRAD;\">\u00f3<\/span>w zgromadzonych w filmach z tego zestawu powoduje niez\u0142y zawr<span lang=\"ES-TRAD\" style=\"mso-ansi-language: ES-TRAD;\">\u00f3<\/span>t g\u0142owy. Wizualne strategie orbituj\u0105ce mocno wok\u00f3\u0142 kultury queerowej utkane s\u0105 z przypowie\u015bci, legend, bajek i \u2026gier komputerowych. W przewrotny spos<span lang=\"ES-TRAD\" style=\"mso-ansi-language: ES-TRAD;\">\u00f3<\/span>b opowiadaj\u0105 o wsp\u00f3\u0142czesnej seksualno\u015bci bazuj\u0105c g\u0142ownie na archetypach z przesz\u0142o\u015bci, z alternatywnych rzeczywisto\u015bci lub czasu dzieci\u0144stwa. Ka\u017cdy z prezentowanych tu film<span lang=\"ES-TRAD\" style=\"mso-ansi-language: ES-TRAD;\">\u00f3<\/span>w jest na sw<span lang=\"ES-TRAD\" style=\"mso-ansi-language: ES-TRAD;\">\u00f3<\/span>j spos<span lang=\"ES-TRAD\" style=\"mso-ansi-language: ES-TRAD;\">\u00f3<\/span>b szczeg<span lang=\"ES-TRAD\" style=\"mso-ansi-language: ES-TRAD;\">\u00f3<\/span>lny i unikatowy &#8211; jednak ich cech\u0105 wsp<span lang=\"ES-TRAD\" style=\"mso-ansi-language: ES-TRAD;\">\u00f3<\/span>ln\u0105 jest ten szczeg<span lang=\"ES-TRAD\" style=\"mso-ansi-language: ES-TRAD;\">\u00f3<\/span>lny rodzaj ba\u015bniowo\u015bci powoduj\u0105cej, \u017ce ka\u017cda z tych opowie\u015bci zostaje w sercach widzek_<span lang=\"ES-TRAD\" style=\"mso-ansi-language: ES-TRAD;\">\u00f3<\/span>w na d\u0142u\u017cszy czas. I niezale\u017cnie czy jest to kosmiczna operetka Lasse Langstroma czy osobista theystoria noa margulis to za ka\u017cdym razem wizualna strona film<span lang=\"ES-TRAD\" style=\"mso-ansi-language: ES-TRAD;\">\u00f3<\/span>w z tego zestawu dzia\u0142a z t\u0105 sam\u0105, magiczn\u0105 moc\u0105. To przygoda, kt<span lang=\"ES-TRAD\" style=\"mso-ansi-language: ES-TRAD;\">\u00f3<\/span>rej koniecznie trzeba do\u015bwiadczy\u0107, festiwalowe \u201e<span lang=\"PL\" style=\"mso-ansi-language: PL;\">must see<\/span>\u201d.<\/p><p><style>@font-face<br \/>\n\t{font-family:\"Cambria Math\";<br \/>\n\tpanose-1:2 4 5 3 5 4 6 3 2 4;<br \/>\n\tmso-font-charset:0;<br \/>\n\tmso-generic-font-family:roman;<br \/>\n\tmso-font-pitch:variable;<br \/>\n\tmso-font-signature:-536870145 1107305727 0 0 415 0;}@font-face<br \/>\n\t{font-family:\"Arial Unicode MS\";<br \/>\n\tpanose-1:2 11 6 4 2 2 2 2 2 4;<br \/>\n\tmso-font-charset:128;<br \/>\n\tmso-generic-font-family:swiss;<br \/>\n\tmso-font-pitch:variable;<br \/>\n\tmso-font-signature:-134238209 -371195905 63 0 4129279 0;}@font-face<br \/>\n\t{font-family:\"Helvetica Neue\";<br \/>\n\tpanose-1:2 0 5 3 0 0 0 2 0 4;<br \/>\n\tmso-font-charset:0;<br \/>\n\tmso-generic-font-family:auto;<br \/>\n\tmso-font-pitch:variable;<br \/>\n\tmso-font-signature:-452984065 1342208475 16 0 1 0;}@font-face<br \/>\n\t{font-family:\"\\@Arial Unicode MS\";<br \/>\n\tpanose-1:2 11 6 4 2 2 2 2 2 4;<br \/>\n\tmso-font-charset:128;<br \/>\n\tmso-generic-font-family:swiss;<br \/>\n\tmso-font-pitch:variable;<br \/>\n\tmso-font-signature:-134238209 -371195905 63 0 4129279 0;}p.MsoNormal, li.MsoNormal, div.MsoNormal<br \/>\n\t{mso-style-unhide:no;<br \/>\n\tmso-style-qformat:yes;<br \/>\n\tmso-style-parent:\"\";<br \/>\n\tmargin:0cm;<br \/>\n\tmso-pagination:widow-orphan;<br \/>\n\tfont-size:12.0pt;<br \/>\n\tfont-family:\"Times New Roman\",serif;<br \/>\n\tmso-fareast-font-family:\"Arial Unicode MS\";<br \/>\n\tborder:none;<br \/>\n\tmso-ansi-language:EN-US;<br \/>\n\tmso-fareast-language:EN-US;}p.Tre, li.Tre, div.Tre<br \/>\n\t{mso-style-name:Tre\u015b\u0107;<br \/>\n\tmso-style-unhide:no;<br \/>\n\tmso-style-parent:\"\";<br \/>\n\tmargin:0cm;<br \/>\n\tmso-pagination:widow-orphan;<br \/>\n\tfont-size:11.0pt;<br \/>\n\tfont-family:\"Helvetica Neue\";<br \/>\n\tmso-fareast-font-family:\"Arial Unicode MS\";<br \/>\n\tmso-bidi-font-family:\"Arial Unicode MS\";<br \/>\n\tcolor:black;<br \/>\n\tborder:none;<br \/>\n\tmso-style-textoutline-type:none;<br \/>\n\tmso-style-textoutline-outlinestyle-dpiwidth:0pt;<br \/>\n\tmso-style-textoutline-outlinestyle-linecap:flat;<br \/>\n\tmso-style-textoutline-outlinestyle-join:bevel;<br \/>\n\tmso-style-textoutline-outlinestyle-pctmiterlimit:0%;<br \/>\n\tmso-style-textoutline-outlinestyle-dash:solid;<br \/>\n\tmso-style-textoutline-outlinestyle-align:center;<br \/>\n\tmso-style-textoutline-outlinestyle-compound:simple;}.MsoChpDefault<br \/>\n\t{mso-style-type:export-only;<br \/>\n\tmso-default-props:yes;<br \/>\n\tfont-size:10.0pt;<br \/>\n\tmso-ansi-font-size:10.0pt;<br \/>\n\tmso-bidi-font-size:10.0pt;<br \/>\n\tmso-fareast-font-family:\"Arial Unicode MS\";<br \/>\n\tborder:none;<br \/>\n\tmso-font-kerning:0pt;<br \/>\n\tmso-ligatures:none;}.MsoPapDefault<br \/>\n\t{mso-style-type:export-only;}div.WordSection1<br \/>\n\t{page:WordSection1;}<\/style><\/p>\t\t\t\t\t\t<\/div>\n\t\t\t\t<\/div>\n\t\t\t\t<div class=\"elementor-element elementor-element-1818f81 elementor-widget__width-initial elementor-widget-divider--view-line elementor-widget elementor-widget-divider\" data-id=\"1818f81\" data-element_type=\"widget\" data-widget_type=\"divider.default\">\n\t\t\t\t<div class=\"elementor-widget-container\">\n\t\t\t\t\t<div class=\"elementor-divider\">\n\t\t\t<span class=\"elementor-divider-separator\">\n\t\t\t\t\t\t<\/span>\n\t\t<\/div>\n\t\t\t\t<\/div>\n\t\t\t\t<\/div>\n\t\t\t\t<div class=\"elementor-element elementor-element-3600c3d elementor-widget elementor-widget-text-editor\" data-id=\"3600c3d\" data-element_type=\"widget\" data-widget_type=\"text-editor.default\">\n\t\t\t\t<div class=\"elementor-widget-container\">\n\t\t\t\t\t\t\t<p>\u201e<strong>Funghi Boost<\/strong>\u201d<\/p>\n<p>Bande James Bond<\/p>\n<p>Belgia 2023, 13\u2019<\/p><p><br><\/p>\n<p>\u201e<strong>the lesbian alien darkroom fisting operetta on<\/strong>\u201d<\/p>\n<p>Lasse L\u00e5ngstr\u00f6m<\/p>\n<p>Niemcy, Szwecja, 2024, 14\u2019<\/p><p><br><\/p>\n<p>\u201e<strong>Under the Cherries<\/strong>\u201d<\/p>\n<p>Frida Retz<\/p>\n<p>Dania 2024, 16\u2019<\/p><p><br><\/p>\n<p>\u201e<strong>Pleasure Eels<\/strong>\u201d<\/p>\n<p>noa margulis<\/p>\n<p>Holandia 2023, 30\u2019<\/p>\t\t\t\t\t\t<\/div>\n\t\t\t\t<\/div>\n\t\t\t\t<div class=\"elementor-element elementor-element-10a8af4 elementor-align-center elementor-widget-tablet_extra__width-initial elementor-widget elementor-widget-button\" data-id=\"10a8af4\" data-element_type=\"widget\" data-widget_type=\"button.default\">\n\t\t\t\t<div class=\"elementor-widget-container\">\n\t\t\t\t\t<div class=\"elementor-button-wrapper\">\n\t\t\t<a class=\"elementor-button elementor-button-link elementor-size-sm elementor-animation-rotate\" href=\"https:\/\/kinoteka.pl\/film\/ppaf-niezwykle-scenariusze-kliry-elfki-i-inne-istoty-zestaw-shortow\/?date=2024-06-07\" target=\"_blank\">\n\t\t\t\t\t\t<span class=\"elementor-button-content-wrapper\">\n\t\t\t\t\t\t\t\t\t<span class=\"elementor-button-text\">KUP BILET<\/span>\n\t\t\t\t\t<\/span>\n\t\t\t\t\t<\/a>\n\t\t<\/div>\n\t\t\t\t<\/div>\n\t\t\t\t<\/div>\n\t\t\t\t\t<\/div>\n\t\t<\/div>\n\t\t\t\t\t<\/div>\n\t\t<\/section>\n\t\t\t\t<section class=\"elementor-section elementor-top-section elementor-element elementor-element-63ee4ed elementor-hidden-widescreen elementor-hidden-desktop elementor-hidden-tablet_extra elementor-hidden-tablet elementor-hidden-mobile elementor-section-boxed elementor-section-height-default elementor-section-height-default\" data-id=\"63ee4ed\" data-element_type=\"section\">\n\t\t\t\t\t\t<div class=\"elementor-container elementor-column-gap-default\">\n\t\t\t\t\t<div class=\"elementor-column elementor-col-50 elementor-top-column elementor-element elementor-element-65956e1\" data-id=\"65956e1\" data-element_type=\"column\">\n\t\t\t<div class=\"elementor-widget-wrap\">\n\t\t\t\t\t\t\t<\/div>\n\t\t<\/div>\n\t\t\t\t<div class=\"elementor-column elementor-col-50 elementor-top-column elementor-element elementor-element-6b725fd\" data-id=\"6b725fd\" data-element_type=\"column\">\n\t\t\t<div class=\"elementor-widget-wrap elementor-element-populated\">\n\t\t\t\t\t\t<div class=\"elementor-element elementor-element-d352a10 elementor-align-center elementor-widget elementor-widget-button\" data-id=\"d352a10\" data-element_type=\"widget\" data-widget_type=\"button.default\">\n\t\t\t\t<div class=\"elementor-widget-container\">\n\t\t\t\t\t<div class=\"elementor-button-wrapper\">\n\t\t\t<a class=\"elementor-button elementor-button-link elementor-size-xl\" href=\"https:\/\/kinomuranow.pl\/festiwale-i-przeglady\/post-pxrn-film-festival-warsaw-7-12-czerwca-2022\" target=\"_blank\">\n\t\t\t\t\t\t<span class=\"elementor-button-content-wrapper\">\n\t\t\t\t\t\t\t\t\t<span class=\"elementor-button-text\">KUP BILET<\/span>\n\t\t\t\t\t<\/span>\n\t\t\t\t\t<\/a>\n\t\t<\/div>\n\t\t\t\t<\/div>\n\t\t\t\t<\/div>\n\t\t\t\t\t<\/div>\n\t\t<\/div>\n\t\t\t\t\t<\/div>\n\t\t<\/section>\n\t\t\t\t<\/div>\n\t\t","protected":false},"excerpt":{"rendered":"<p>Kinoteka NIEZWYK\u0141E SCENARIUSZE: K\u0141IRY, ELFKI I INNE ISTOTY (zestaw short\u00f3w) 73\u2019 7\/06 pi\u0105tek | 21:00 sala 5 HISTORIA8\/06 sobota | 13:00 sala 5 HISTORIA9\/06 niedziela | 16:30 sala 2 ROZW\u00d3J Ju\u017c sama mnogo\u015b\u0107 byt\u00f3w zgromadzonych w filmach z tego zestawu powoduje niez\u0142y zawr\u00f3t g\u0142owy. Wizualne strategie orbituj\u0105ce mocno wok\u00f3\u0142 kultury queerowej utkane s\u0105 z przypowie\u015bci, [&hellip;]<\/p>\n","protected":false},"author":4,"featured_media":0,"parent":0,"menu_order":0,"comment_status":"closed","ping_status":"closed","template":"","meta":{"footnotes":""},"aioseo_notices":[],"_links":{"self":[{"href":"https:\/\/ppaf.pl\/index.php\/wp-json\/wp\/v2\/pages\/12783"}],"collection":[{"href":"https:\/\/ppaf.pl\/index.php\/wp-json\/wp\/v2\/pages"}],"about":[{"href":"https:\/\/ppaf.pl\/index.php\/wp-json\/wp\/v2\/types\/page"}],"author":[{"embeddable":true,"href":"https:\/\/ppaf.pl\/index.php\/wp-json\/wp\/v2\/users\/4"}],"replies":[{"embeddable":true,"href":"https:\/\/ppaf.pl\/index.php\/wp-json\/wp\/v2\/comments?post=12783"}],"version-history":[{"count":13,"href":"https:\/\/ppaf.pl\/index.php\/wp-json\/wp\/v2\/pages\/12783\/revisions"}],"predecessor-version":[{"id":14907,"href":"https:\/\/ppaf.pl\/index.php\/wp-json\/wp\/v2\/pages\/12783\/revisions\/14907"}],"wp:attachment":[{"href":"https:\/\/ppaf.pl\/index.php\/wp-json\/wp\/v2\/media?parent=12783"}],"curies":[{"name":"wp","href":"https:\/\/api.w.org\/{rel}","templated":true}]}}