{"id":12878,"date":"2024-05-24T22:58:59","date_gmt":"2024-05-24T22:58:59","guid":{"rendered":"https:\/\/ppaf.pl\/?page_id=12878"},"modified":"2024-05-31T08:39:13","modified_gmt":"2024-05-31T08:39:13","slug":"blok-2024-eng-cartography-of-pleasure","status":"publish","type":"page","link":"https:\/\/ppaf.pl\/index.php\/blok-2024-eng-cartography-of-pleasure\/","title":{"rendered":"blok 2024 ENG CARTOGRAPHY OF PLEASURE"},"content":{"rendered":"\t\t<div data-elementor-type=\"wp-page\" data-elementor-id=\"12878\" class=\"elementor elementor-12878\">\n\t\t\t\t\t\t<section class=\"elementor-section elementor-top-section elementor-element elementor-element-8ca1a3d elementor-section-boxed elementor-section-height-default elementor-section-height-default\" data-id=\"8ca1a3d\" data-element_type=\"section\">\n\t\t\t\t\t\t<div class=\"elementor-container elementor-column-gap-default\">\n\t\t\t\t\t<div class=\"elementor-column elementor-col-50 elementor-top-column elementor-element elementor-element-7c637cc\" data-id=\"7c637cc\" data-element_type=\"column\">\n\t\t\t<div class=\"elementor-widget-wrap\">\n\t\t\t\t\t\t\t<\/div>\n\t\t<\/div>\n\t\t\t\t<div class=\"elementor-column elementor-col-50 elementor-top-column elementor-element elementor-element-fdf01f8\" data-id=\"fdf01f8\" data-element_type=\"column\">\n\t\t\t<div class=\"elementor-widget-wrap elementor-element-populated\">\n\t\t\t\t\t\t<div class=\"elementor-element elementor-element-f1275a7 elementor-align-right elementor-mobile-align-right elementor-widget elementor-widget-button\" data-id=\"f1275a7\" data-element_type=\"widget\" data-widget_type=\"button.default\">\n\t\t\t\t<div class=\"elementor-widget-container\">\n\t\t\t\t\t<div class=\"elementor-button-wrapper\">\n\t\t\t<a class=\"elementor-button elementor-button-link elementor-size-sm\" href=\"https:\/\/maps.app.goo.gl\/k73zyEQjy7zoUqNs9\" target=\"_blank\">\n\t\t\t\t\t\t<span class=\"elementor-button-content-wrapper\">\n\t\t\t\t\t\t<span class=\"elementor-button-icon elementor-align-icon-right\">\n\t\t\t\t<i aria-hidden=\"true\" class=\"fas fa-map-marker-alt\"><\/i>\t\t\t<\/span>\n\t\t\t\t\t\t\t\t\t<span class=\"elementor-button-text\">Kinoteka<\/span>\n\t\t\t\t\t<\/span>\n\t\t\t\t\t<\/a>\n\t\t<\/div>\n\t\t\t\t<\/div>\n\t\t\t\t<\/div>\n\t\t\t\t<div class=\"elementor-element elementor-element-3578bed elementor-hidden-mobile elementor-widget__width-initial elementor-widget-divider--view-line elementor-widget elementor-widget-divider\" data-id=\"3578bed\" data-element_type=\"widget\" data-widget_type=\"divider.default\">\n\t\t\t\t<div class=\"elementor-widget-container\">\n\t\t\t<style>\/*! elementor - v3.21.0 - 15-04-2024 *\/\n.elementor-widget-divider{--divider-border-style:none;--divider-border-width:1px;--divider-color:#0c0d0e;--divider-icon-size:20px;--divider-element-spacing:10px;--divider-pattern-height:24px;--divider-pattern-size:20px;--divider-pattern-url:none;--divider-pattern-repeat:repeat-x}.elementor-widget-divider .elementor-divider{display:flex}.elementor-widget-divider .elementor-divider__text{font-size:15px;line-height:1;max-width:95%}.elementor-widget-divider .elementor-divider__element{margin:0 var(--divider-element-spacing);flex-shrink:0}.elementor-widget-divider .elementor-icon{font-size:var(--divider-icon-size)}.elementor-widget-divider .elementor-divider-separator{display:flex;margin:0;direction:ltr}.elementor-widget-divider--view-line_icon .elementor-divider-separator,.elementor-widget-divider--view-line_text .elementor-divider-separator{align-items:center}.elementor-widget-divider--view-line_icon .elementor-divider-separator:after,.elementor-widget-divider--view-line_icon .elementor-divider-separator:before,.elementor-widget-divider--view-line_text .elementor-divider-separator:after,.elementor-widget-divider--view-line_text .elementor-divider-separator:before{display:block;content:\"\";border-block-end:0;flex-grow:1;border-block-start:var(--divider-border-width) var(--divider-border-style) var(--divider-color)}.elementor-widget-divider--element-align-left .elementor-divider .elementor-divider-separator>.elementor-divider__svg:first-of-type{flex-grow:0;flex-shrink:100}.elementor-widget-divider--element-align-left .elementor-divider-separator:before{content:none}.elementor-widget-divider--element-align-left .elementor-divider__element{margin-left:0}.elementor-widget-divider--element-align-right .elementor-divider .elementor-divider-separator>.elementor-divider__svg:last-of-type{flex-grow:0;flex-shrink:100}.elementor-widget-divider--element-align-right .elementor-divider-separator:after{content:none}.elementor-widget-divider--element-align-right .elementor-divider__element{margin-right:0}.elementor-widget-divider--element-align-start .elementor-divider .elementor-divider-separator>.elementor-divider__svg:first-of-type{flex-grow:0;flex-shrink:100}.elementor-widget-divider--element-align-start .elementor-divider-separator:before{content:none}.elementor-widget-divider--element-align-start .elementor-divider__element{margin-inline-start:0}.elementor-widget-divider--element-align-end .elementor-divider .elementor-divider-separator>.elementor-divider__svg:last-of-type{flex-grow:0;flex-shrink:100}.elementor-widget-divider--element-align-end .elementor-divider-separator:after{content:none}.elementor-widget-divider--element-align-end .elementor-divider__element{margin-inline-end:0}.elementor-widget-divider:not(.elementor-widget-divider--view-line_text):not(.elementor-widget-divider--view-line_icon) .elementor-divider-separator{border-block-start:var(--divider-border-width) var(--divider-border-style) var(--divider-color)}.elementor-widget-divider--separator-type-pattern{--divider-border-style:none}.elementor-widget-divider--separator-type-pattern.elementor-widget-divider--view-line .elementor-divider-separator,.elementor-widget-divider--separator-type-pattern:not(.elementor-widget-divider--view-line) .elementor-divider-separator:after,.elementor-widget-divider--separator-type-pattern:not(.elementor-widget-divider--view-line) .elementor-divider-separator:before,.elementor-widget-divider--separator-type-pattern:not([class*=elementor-widget-divider--view]) .elementor-divider-separator{width:100%;min-height:var(--divider-pattern-height);-webkit-mask-size:var(--divider-pattern-size) 100%;mask-size:var(--divider-pattern-size) 100%;-webkit-mask-repeat:var(--divider-pattern-repeat);mask-repeat:var(--divider-pattern-repeat);background-color:var(--divider-color);-webkit-mask-image:var(--divider-pattern-url);mask-image:var(--divider-pattern-url)}.elementor-widget-divider--no-spacing{--divider-pattern-size:auto}.elementor-widget-divider--bg-round{--divider-pattern-repeat:round}.rtl .elementor-widget-divider .elementor-divider__text{direction:rtl}.e-con-inner>.elementor-widget-divider,.e-con>.elementor-widget-divider{width:var(--container-widget-width,100%);--flex-grow:var(--container-widget-flex-grow)}<\/style>\t\t<div class=\"elementor-divider\">\n\t\t\t<span class=\"elementor-divider-separator\">\n\t\t\t\t\t\t<\/span>\n\t\t<\/div>\n\t\t\t\t<\/div>\n\t\t\t\t<\/div>\n\t\t\t\t\t<\/div>\n\t\t<\/div>\n\t\t\t\t\t<\/div>\n\t\t<\/section>\n\t\t\t\t<section class=\"elementor-section elementor-top-section elementor-element elementor-element-d925c9f elementor-section-boxed elementor-section-height-default elementor-section-height-default\" data-id=\"d925c9f\" data-element_type=\"section\">\n\t\t\t\t\t\t<div class=\"elementor-container elementor-column-gap-default\">\n\t\t\t\t\t<div class=\"elementor-column elementor-col-33 elementor-top-column elementor-element elementor-element-12b5d46\" data-id=\"12b5d46\" data-element_type=\"column\">\n\t\t\t<div class=\"elementor-widget-wrap\">\n\t\t\t\t\t\t\t<\/div>\n\t\t<\/div>\n\t\t\t\t<div class=\"elementor-column elementor-col-33 elementor-top-column elementor-element elementor-element-425594f\" data-id=\"425594f\" data-element_type=\"column\" data-settings=\"{&quot;background_background&quot;:&quot;classic&quot;}\">\n\t\t\t<div class=\"elementor-widget-wrap elementor-element-populated\">\n\t\t\t\t\t\t<div class=\"elementor-element elementor-element-8d7cb99 elementor-widget elementor-widget-heading\" data-id=\"8d7cb99\" data-element_type=\"widget\" data-widget_type=\"heading.default\">\n\t\t\t\t<div class=\"elementor-widget-container\">\n\t\t\t<style>\/*! elementor - v3.21.0 - 15-04-2024 *\/\n.elementor-heading-title{padding:0;margin:0;line-height:1}.elementor-widget-heading .elementor-heading-title[class*=elementor-size-]>a{color:inherit;font-size:inherit;line-height:inherit}.elementor-widget-heading .elementor-heading-title.elementor-size-small{font-size:15px}.elementor-widget-heading .elementor-heading-title.elementor-size-medium{font-size:19px}.elementor-widget-heading .elementor-heading-title.elementor-size-large{font-size:29px}.elementor-widget-heading .elementor-heading-title.elementor-size-xl{font-size:39px}.elementor-widget-heading .elementor-heading-title.elementor-size-xxl{font-size:59px}<\/style><h2 class=\"elementor-heading-title elementor-size-default\">CARTOGRAPHY OF PLEASURE<\/h2>\t\t<\/div>\n\t\t\t\t<\/div>\n\t\t\t\t<div class=\"elementor-element elementor-element-a0fbc60 elementor-widget-tablet_extra__width-initial elementor-widget elementor-widget-text-editor\" data-id=\"a0fbc60\" data-element_type=\"widget\" data-widget_type=\"text-editor.default\">\n\t\t\t\t<div class=\"elementor-widget-container\">\n\t\t\t<style>\/*! elementor - v3.21.0 - 15-04-2024 *\/\n.elementor-widget-text-editor.elementor-drop-cap-view-stacked .elementor-drop-cap{background-color:#69727d;color:#fff}.elementor-widget-text-editor.elementor-drop-cap-view-framed .elementor-drop-cap{color:#69727d;border:3px solid;background-color:transparent}.elementor-widget-text-editor:not(.elementor-drop-cap-view-default) .elementor-drop-cap{margin-top:8px}.elementor-widget-text-editor:not(.elementor-drop-cap-view-default) .elementor-drop-cap-letter{width:1em;height:1em}.elementor-widget-text-editor .elementor-drop-cap{float:left;text-align:center;line-height:1;font-size:50px}.elementor-widget-text-editor .elementor-drop-cap-letter{display:inline-block}<\/style>\t\t\t\t<div>\n<p>(short films program) 80\u2019<\/p>\n<p>7\/06 Friday | 23:30 sala 2 ROZW\u00d3J<br>8\/06 Saturday | 15:30 sala 6 PRZYSZ\u0141O\u015a\u0106<br>9\/06 Sunday | 18:30 sala 6 PRZYSZ\u0141O\u015a\u0106<\/p>\n<\/div>\t\t\t\t\t\t<\/div>\n\t\t\t\t<\/div>\n\t\t\t\t\t<\/div>\n\t\t<\/div>\n\t\t\t\t<div class=\"elementor-column elementor-col-33 elementor-top-column elementor-element elementor-element-29524fb\" data-id=\"29524fb\" data-element_type=\"column\">\n\t\t\t<div class=\"elementor-widget-wrap elementor-element-populated\">\n\t\t\t\t\t\t<div class=\"elementor-element elementor-element-379f433 elementor-widget elementor-widget-image\" data-id=\"379f433\" data-element_type=\"widget\" data-widget_type=\"image.default\">\n\t\t\t\t<div class=\"elementor-widget-container\">\n\t\t\t<style>\/*! elementor - v3.21.0 - 15-04-2024 *\/\n.elementor-widget-image{text-align:center}.elementor-widget-image a{display:inline-block}.elementor-widget-image a img[src$=\".svg\"]{width:48px}.elementor-widget-image img{vertical-align:middle;display:inline-block}<\/style>\t\t\t\t\t\t\t\t\t\t<img fetchpriority=\"high\" decoding=\"async\" width=\"3446\" height=\"1930\" src=\"https:\/\/ppaf.pl\/wp-content\/uploads\/2024\/05\/KARTOGRAFIE-PRZYJEMNOSCI-.png\" class=\"attachment-full size-full wp-image-12565\" alt=\"\" srcset=\"https:\/\/ppaf.pl\/wp-content\/uploads\/2024\/05\/KARTOGRAFIE-PRZYJEMNOSCI-.png 3446w, https:\/\/ppaf.pl\/wp-content\/uploads\/2024\/05\/KARTOGRAFIE-PRZYJEMNOSCI--300x168.png 300w, https:\/\/ppaf.pl\/wp-content\/uploads\/2024\/05\/KARTOGRAFIE-PRZYJEMNOSCI--1024x574.png 1024w, https:\/\/ppaf.pl\/wp-content\/uploads\/2024\/05\/KARTOGRAFIE-PRZYJEMNOSCI--768x430.png 768w, https:\/\/ppaf.pl\/wp-content\/uploads\/2024\/05\/KARTOGRAFIE-PRZYJEMNOSCI--1536x860.png 1536w, https:\/\/ppaf.pl\/wp-content\/uploads\/2024\/05\/KARTOGRAFIE-PRZYJEMNOSCI--2048x1147.png 2048w\" sizes=\"(max-width: 3446px) 100vw, 3446px\" \/>\t\t\t\t\t\t\t\t\t\t\t\t\t<\/div>\n\t\t\t\t<\/div>\n\t\t\t\t\t<\/div>\n\t\t<\/div>\n\t\t\t\t\t<\/div>\n\t\t<\/section>\n\t\t\t\t<section class=\"elementor-section elementor-top-section elementor-element elementor-element-25897ec elementor-section-boxed elementor-section-height-default elementor-section-height-default\" data-id=\"25897ec\" data-element_type=\"section\">\n\t\t\t\t\t\t<div class=\"elementor-container elementor-column-gap-default\">\n\t\t\t\t\t<div class=\"elementor-column elementor-col-50 elementor-top-column elementor-element elementor-element-85cbd30\" data-id=\"85cbd30\" data-element_type=\"column\">\n\t\t\t<div class=\"elementor-widget-wrap\">\n\t\t\t\t\t\t\t<\/div>\n\t\t<\/div>\n\t\t\t\t<div class=\"elementor-column elementor-col-50 elementor-top-column elementor-element elementor-element-02b80eb\" data-id=\"02b80eb\" data-element_type=\"column\">\n\t\t\t<div class=\"elementor-widget-wrap elementor-element-populated\">\n\t\t\t\t\t\t<div class=\"elementor-element elementor-element-7c84c61 elementor-widget__width-initial elementor-widget-divider--view-line elementor-widget elementor-widget-divider\" data-id=\"7c84c61\" data-element_type=\"widget\" data-widget_type=\"divider.default\">\n\t\t\t\t<div class=\"elementor-widget-container\">\n\t\t\t\t\t<div class=\"elementor-divider\">\n\t\t\t<span class=\"elementor-divider-separator\">\n\t\t\t\t\t\t<\/span>\n\t\t<\/div>\n\t\t\t\t<\/div>\n\t\t\t\t<\/div>\n\t\t\t\t<div class=\"elementor-element elementor-element-a5356ce elementor-widget elementor-widget-text-editor\" data-id=\"a5356ce\" data-element_type=\"widget\" data-widget_type=\"text-editor.default\">\n\t\t\t\t<div class=\"elementor-widget-container\">\n\t\t\t\t\t\t\t<p>In this section, we traverse a terrain that is being mapped in real time \u2013 a landscape made up of groans of pleasure, the intermixing of bodily fluids, an unknown land \u2013 and therefore, perhaps, so very appealing. We navigate it together, because only a map drawn together can become a territory. We navigate it with tenderness, patience, and empathy \u2013 after all, this domain also encompasses us and our own desires, expectations, and boundaries. In this rather unconventional selection, we will journey across the realm of pleasure and the ways in which we talk about it: from the extraordinary \u201cInterior Geometries\u201d by the mainstream-adjacent label, Four Chambers, to the unquestionably, wildly off-kilter, underground \u201cFuck Me\u201d, created by the Brazilian collective EdiyPorn. We\u2019ll also take a glimpse into the derelict houses of Greek magnates (\u201cLavender\u201d) and visit an Austrian summer house (\u201cFinaly Retired\u201d), while always remembering that there are infinite ways in which we can talk about pleasure and that each of us truly deserves it.<\/p>\t\t\t\t\t\t<\/div>\n\t\t\t\t<\/div>\n\t\t\t\t<div class=\"elementor-element elementor-element-1818f81 elementor-widget__width-initial elementor-widget-divider--view-line elementor-widget elementor-widget-divider\" data-id=\"1818f81\" data-element_type=\"widget\" data-widget_type=\"divider.default\">\n\t\t\t\t<div class=\"elementor-widget-container\">\n\t\t\t\t\t<div class=\"elementor-divider\">\n\t\t\t<span class=\"elementor-divider-separator\">\n\t\t\t\t\t\t<\/span>\n\t\t<\/div>\n\t\t\t\t<\/div>\n\t\t\t\t<\/div>\n\t\t\t\t<div class=\"elementor-element elementor-element-3600c3d elementor-widget elementor-widget-text-editor\" data-id=\"3600c3d\" data-element_type=\"widget\" data-widget_type=\"text-editor.default\">\n\t\t\t\t<div class=\"elementor-widget-container\">\n\t\t\t\t\t\t\t<p>\u201e<strong>Again<\/strong>\u201d<\/p><p>Morena Barra<\/p><p>Switzerland 2023, 6\u2019<\/p><p>\u00a0<\/p><p>\u201e<strong>Interior Geometries<\/strong>\u201d<\/p><p>Four Chambers<\/p><p>UK 2024, 15\u2019<\/p><p>\u00a0<\/p><p>\u201e<strong>First 1000 times<\/strong>\u201d<\/p><p>Guby Moon<\/p><p>Spain 2023, 5\u2019<\/p><p>\u00a0<\/p><p>\u201e<strong>Levidis<\/strong>\u201d<\/p><p>Fucking Conflicts<\/p><p>Germany, Greece 2023, 11\u2019<\/p><p>\u00a0<\/p><p>&#8220;<strong>Finally Retired<\/strong>\u201d<\/p><p>Jan Soldat<\/p><p>Austria 2024, 3\u2019<\/p><p>\u00a0<\/p><p>\u201e<strong>Sexbia<\/strong>\u201d<\/p><p>Silvia Marcantoni Taddei<\/p><p>Italy 2024, 7\u2019<\/p><p>\u00a0<\/p><p>\u201e<strong>Fioretto<\/strong>\u201d<\/p><p>Morgana Mayer<\/p><p>W\u0142ochy 2023, 5\u2019<\/p><p>\u00a0<\/p><p>\u201e<strong>Quench my thirst<\/strong>\u201d<\/p><p>Dick Twitch<\/p><p>UK 2023, 8\u2019<\/p><p>\u00a0<\/p><p>\u201e<strong>Fuck Me<\/strong>\u201d<\/p><p>BixaPuta<\/p><p>Brazil 2023, 20\u2019<\/p>\t\t\t\t\t\t<\/div>\n\t\t\t\t<\/div>\n\t\t\t\t<div class=\"elementor-element elementor-element-10a8af4 elementor-align-center elementor-widget-tablet_extra__width-initial elementor-widget elementor-widget-button\" data-id=\"10a8af4\" data-element_type=\"widget\" data-widget_type=\"button.default\">\n\t\t\t\t<div class=\"elementor-widget-container\">\n\t\t\t\t\t<div class=\"elementor-button-wrapper\">\n\t\t\t<a class=\"elementor-button elementor-button-link elementor-size-sm elementor-animation-rotate\" href=\"https:\/\/kinoteka.pl\/film\/ppaf-kartografie-przyjemnosci-zestaw-shortow\/?date=2024-06-07\" target=\"_blank\">\n\t\t\t\t\t\t<span class=\"elementor-button-content-wrapper\">\n\t\t\t\t\t\t\t\t\t<span class=\"elementor-button-text\">BUY TICKETS<\/span>\n\t\t\t\t\t<\/span>\n\t\t\t\t\t<\/a>\n\t\t<\/div>\n\t\t\t\t<\/div>\n\t\t\t\t<\/div>\n\t\t\t\t\t<\/div>\n\t\t<\/div>\n\t\t\t\t\t<\/div>\n\t\t<\/section>\n\t\t\t\t<section class=\"elementor-section elementor-top-section elementor-element elementor-element-63ee4ed elementor-hidden-widescreen elementor-hidden-desktop elementor-hidden-tablet_extra elementor-hidden-tablet elementor-hidden-mobile elementor-section-boxed elementor-section-height-default elementor-section-height-default\" data-id=\"63ee4ed\" data-element_type=\"section\">\n\t\t\t\t\t\t<div class=\"elementor-container elementor-column-gap-default\">\n\t\t\t\t\t<div class=\"elementor-column elementor-col-50 elementor-top-column elementor-element elementor-element-65956e1\" data-id=\"65956e1\" data-element_type=\"column\">\n\t\t\t<div class=\"elementor-widget-wrap\">\n\t\t\t\t\t\t\t<\/div>\n\t\t<\/div>\n\t\t\t\t<div class=\"elementor-column elementor-col-50 elementor-top-column elementor-element elementor-element-6b725fd\" data-id=\"6b725fd\" data-element_type=\"column\">\n\t\t\t<div class=\"elementor-widget-wrap elementor-element-populated\">\n\t\t\t\t\t\t<div class=\"elementor-element elementor-element-d352a10 elementor-align-center elementor-widget elementor-widget-button\" data-id=\"d352a10\" data-element_type=\"widget\" data-widget_type=\"button.default\">\n\t\t\t\t<div class=\"elementor-widget-container\">\n\t\t\t\t\t<div class=\"elementor-button-wrapper\">\n\t\t\t<a class=\"elementor-button elementor-button-link elementor-size-xl\" href=\"https:\/\/kinomuranow.pl\/festiwale-i-przeglady\/post-pxrn-film-festival-warsaw-7-12-czerwca-2022\" target=\"_blank\">\n\t\t\t\t\t\t<span class=\"elementor-button-content-wrapper\">\n\t\t\t\t\t\t\t\t\t<span class=\"elementor-button-text\">KUP BILET<\/span>\n\t\t\t\t\t<\/span>\n\t\t\t\t\t<\/a>\n\t\t<\/div>\n\t\t\t\t<\/div>\n\t\t\t\t<\/div>\n\t\t\t\t\t<\/div>\n\t\t<\/div>\n\t\t\t\t\t<\/div>\n\t\t<\/section>\n\t\t\t\t<\/div>\n\t\t","protected":false},"excerpt":{"rendered":"<p>Kinoteka CARTOGRAPHY OF PLEASURE (short films program) 80\u2019 7\/06 Friday | 23:30 sala 2 ROZW\u00d3J8\/06 Saturday | 15:30 sala 6 PRZYSZ\u0141O\u015a\u01069\/06 Sunday | 18:30 sala 6 PRZYSZ\u0141O\u015a\u0106 In this section, we traverse a terrain that is being mapped in real time \u2013 a landscape made up of groans of pleasure, the intermixing of bodily fluids, [&hellip;]<\/p>\n","protected":false},"author":4,"featured_media":0,"parent":0,"menu_order":0,"comment_status":"closed","ping_status":"closed","template":"","meta":{"footnotes":""},"aioseo_notices":[],"_links":{"self":[{"href":"https:\/\/ppaf.pl\/index.php\/wp-json\/wp\/v2\/pages\/12878"}],"collection":[{"href":"https:\/\/ppaf.pl\/index.php\/wp-json\/wp\/v2\/pages"}],"about":[{"href":"https:\/\/ppaf.pl\/index.php\/wp-json\/wp\/v2\/types\/page"}],"author":[{"embeddable":true,"href":"https:\/\/ppaf.pl\/index.php\/wp-json\/wp\/v2\/users\/4"}],"replies":[{"embeddable":true,"href":"https:\/\/ppaf.pl\/index.php\/wp-json\/wp\/v2\/comments?post=12878"}],"version-history":[{"count":13,"href":"https:\/\/ppaf.pl\/index.php\/wp-json\/wp\/v2\/pages\/12878\/revisions"}],"predecessor-version":[{"id":14408,"href":"https:\/\/ppaf.pl\/index.php\/wp-json\/wp\/v2\/pages\/12878\/revisions\/14408"}],"wp:attachment":[{"href":"https:\/\/ppaf.pl\/index.php\/wp-json\/wp\/v2\/media?parent=12878"}],"curies":[{"name":"wp","href":"https:\/\/api.w.org\/{rel}","templated":true}]}}