{"id":13087,"date":"2024-05-25T08:58:30","date_gmt":"2024-05-25T08:58:30","guid":{"rendered":"https:\/\/ppaf.pl\/?page_id=13087"},"modified":"2024-05-25T21:42:02","modified_gmt":"2024-05-25T21:42:02","slug":"blok-2024-pl-portrety-intymne","status":"publish","type":"page","link":"https:\/\/ppaf.pl\/index.php\/blok-2024-pl-portrety-intymne\/","title":{"rendered":"blok 2024 PL PORTRETY INTYMNE"},"content":{"rendered":"\t\t<div data-elementor-type=\"wp-page\" data-elementor-id=\"13087\" class=\"elementor elementor-13087\">\n\t\t\t\t\t\t<section class=\"elementor-section elementor-top-section elementor-element elementor-element-8ca1a3d elementor-section-boxed elementor-section-height-default elementor-section-height-default\" data-id=\"8ca1a3d\" data-element_type=\"section\">\n\t\t\t\t\t\t<div class=\"elementor-container elementor-column-gap-default\">\n\t\t\t\t\t<div class=\"elementor-column elementor-col-50 elementor-top-column elementor-element elementor-element-7c637cc\" data-id=\"7c637cc\" data-element_type=\"column\">\n\t\t\t<div class=\"elementor-widget-wrap\">\n\t\t\t\t\t\t\t<\/div>\n\t\t<\/div>\n\t\t\t\t<div class=\"elementor-column elementor-col-50 elementor-top-column elementor-element elementor-element-fdf01f8\" data-id=\"fdf01f8\" data-element_type=\"column\">\n\t\t\t<div class=\"elementor-widget-wrap elementor-element-populated\">\n\t\t\t\t\t\t<div class=\"elementor-element elementor-element-f1275a7 elementor-align-right elementor-mobile-align-right elementor-widget elementor-widget-button\" data-id=\"f1275a7\" data-element_type=\"widget\" data-widget_type=\"button.default\">\n\t\t\t\t<div class=\"elementor-widget-container\">\n\t\t\t\t\t<div class=\"elementor-button-wrapper\">\n\t\t\t<a class=\"elementor-button elementor-button-link elementor-size-sm\" href=\"https:\/\/maps.app.goo.gl\/k73zyEQjy7zoUqNs9\" target=\"_blank\">\n\t\t\t\t\t\t<span class=\"elementor-button-content-wrapper\">\n\t\t\t\t\t\t<span class=\"elementor-button-icon elementor-align-icon-right\">\n\t\t\t\t<i aria-hidden=\"true\" class=\"fas fa-map-marker-alt\"><\/i>\t\t\t<\/span>\n\t\t\t\t\t\t\t\t\t<span class=\"elementor-button-text\">Kinoteka<\/span>\n\t\t\t\t\t<\/span>\n\t\t\t\t\t<\/a>\n\t\t<\/div>\n\t\t\t\t<\/div>\n\t\t\t\t<\/div>\n\t\t\t\t<div class=\"elementor-element elementor-element-3578bed elementor-hidden-mobile elementor-widget__width-initial elementor-widget-divider--view-line elementor-widget elementor-widget-divider\" data-id=\"3578bed\" data-element_type=\"widget\" data-widget_type=\"divider.default\">\n\t\t\t\t<div class=\"elementor-widget-container\">\n\t\t\t<style>\/*! elementor - v3.21.0 - 15-04-2024 *\/\n.elementor-widget-divider{--divider-border-style:none;--divider-border-width:1px;--divider-color:#0c0d0e;--divider-icon-size:20px;--divider-element-spacing:10px;--divider-pattern-height:24px;--divider-pattern-size:20px;--divider-pattern-url:none;--divider-pattern-repeat:repeat-x}.elementor-widget-divider .elementor-divider{display:flex}.elementor-widget-divider .elementor-divider__text{font-size:15px;line-height:1;max-width:95%}.elementor-widget-divider .elementor-divider__element{margin:0 var(--divider-element-spacing);flex-shrink:0}.elementor-widget-divider .elementor-icon{font-size:var(--divider-icon-size)}.elementor-widget-divider .elementor-divider-separator{display:flex;margin:0;direction:ltr}.elementor-widget-divider--view-line_icon .elementor-divider-separator,.elementor-widget-divider--view-line_text .elementor-divider-separator{align-items:center}.elementor-widget-divider--view-line_icon .elementor-divider-separator:after,.elementor-widget-divider--view-line_icon .elementor-divider-separator:before,.elementor-widget-divider--view-line_text .elementor-divider-separator:after,.elementor-widget-divider--view-line_text .elementor-divider-separator:before{display:block;content:\"\";border-block-end:0;flex-grow:1;border-block-start:var(--divider-border-width) var(--divider-border-style) var(--divider-color)}.elementor-widget-divider--element-align-left .elementor-divider .elementor-divider-separator>.elementor-divider__svg:first-of-type{flex-grow:0;flex-shrink:100}.elementor-widget-divider--element-align-left .elementor-divider-separator:before{content:none}.elementor-widget-divider--element-align-left .elementor-divider__element{margin-left:0}.elementor-widget-divider--element-align-right .elementor-divider .elementor-divider-separator>.elementor-divider__svg:last-of-type{flex-grow:0;flex-shrink:100}.elementor-widget-divider--element-align-right .elementor-divider-separator:after{content:none}.elementor-widget-divider--element-align-right .elementor-divider__element{margin-right:0}.elementor-widget-divider--element-align-start .elementor-divider .elementor-divider-separator>.elementor-divider__svg:first-of-type{flex-grow:0;flex-shrink:100}.elementor-widget-divider--element-align-start .elementor-divider-separator:before{content:none}.elementor-widget-divider--element-align-start .elementor-divider__element{margin-inline-start:0}.elementor-widget-divider--element-align-end .elementor-divider .elementor-divider-separator>.elementor-divider__svg:last-of-type{flex-grow:0;flex-shrink:100}.elementor-widget-divider--element-align-end .elementor-divider-separator:after{content:none}.elementor-widget-divider--element-align-end .elementor-divider__element{margin-inline-end:0}.elementor-widget-divider:not(.elementor-widget-divider--view-line_text):not(.elementor-widget-divider--view-line_icon) .elementor-divider-separator{border-block-start:var(--divider-border-width) var(--divider-border-style) var(--divider-color)}.elementor-widget-divider--separator-type-pattern{--divider-border-style:none}.elementor-widget-divider--separator-type-pattern.elementor-widget-divider--view-line .elementor-divider-separator,.elementor-widget-divider--separator-type-pattern:not(.elementor-widget-divider--view-line) .elementor-divider-separator:after,.elementor-widget-divider--separator-type-pattern:not(.elementor-widget-divider--view-line) .elementor-divider-separator:before,.elementor-widget-divider--separator-type-pattern:not([class*=elementor-widget-divider--view]) .elementor-divider-separator{width:100%;min-height:var(--divider-pattern-height);-webkit-mask-size:var(--divider-pattern-size) 100%;mask-size:var(--divider-pattern-size) 100%;-webkit-mask-repeat:var(--divider-pattern-repeat);mask-repeat:var(--divider-pattern-repeat);background-color:var(--divider-color);-webkit-mask-image:var(--divider-pattern-url);mask-image:var(--divider-pattern-url)}.elementor-widget-divider--no-spacing{--divider-pattern-size:auto}.elementor-widget-divider--bg-round{--divider-pattern-repeat:round}.rtl .elementor-widget-divider .elementor-divider__text{direction:rtl}.e-con-inner>.elementor-widget-divider,.e-con>.elementor-widget-divider{width:var(--container-widget-width,100%);--flex-grow:var(--container-widget-flex-grow)}<\/style>\t\t<div class=\"elementor-divider\">\n\t\t\t<span class=\"elementor-divider-separator\">\n\t\t\t\t\t\t<\/span>\n\t\t<\/div>\n\t\t\t\t<\/div>\n\t\t\t\t<\/div>\n\t\t\t\t\t<\/div>\n\t\t<\/div>\n\t\t\t\t\t<\/div>\n\t\t<\/section>\n\t\t\t\t<section class=\"elementor-section elementor-top-section elementor-element elementor-element-d925c9f elementor-section-boxed elementor-section-height-default elementor-section-height-default\" data-id=\"d925c9f\" data-element_type=\"section\">\n\t\t\t\t\t\t<div class=\"elementor-container elementor-column-gap-default\">\n\t\t\t\t\t<div class=\"elementor-column elementor-col-33 elementor-top-column elementor-element elementor-element-12b5d46\" data-id=\"12b5d46\" data-element_type=\"column\">\n\t\t\t<div class=\"elementor-widget-wrap\">\n\t\t\t\t\t\t\t<\/div>\n\t\t<\/div>\n\t\t\t\t<div class=\"elementor-column elementor-col-33 elementor-top-column elementor-element elementor-element-425594f\" data-id=\"425594f\" data-element_type=\"column\" data-settings=\"{&quot;background_background&quot;:&quot;classic&quot;}\">\n\t\t\t<div class=\"elementor-widget-wrap elementor-element-populated\">\n\t\t\t\t\t\t<div class=\"elementor-element elementor-element-8d7cb99 elementor-widget elementor-widget-heading\" data-id=\"8d7cb99\" data-element_type=\"widget\" data-widget_type=\"heading.default\">\n\t\t\t\t<div class=\"elementor-widget-container\">\n\t\t\t<style>\/*! elementor - v3.21.0 - 15-04-2024 *\/\n.elementor-heading-title{padding:0;margin:0;line-height:1}.elementor-widget-heading .elementor-heading-title[class*=elementor-size-]>a{color:inherit;font-size:inherit;line-height:inherit}.elementor-widget-heading .elementor-heading-title.elementor-size-small{font-size:15px}.elementor-widget-heading .elementor-heading-title.elementor-size-medium{font-size:19px}.elementor-widget-heading .elementor-heading-title.elementor-size-large{font-size:29px}.elementor-widget-heading .elementor-heading-title.elementor-size-xl{font-size:39px}.elementor-widget-heading .elementor-heading-title.elementor-size-xxl{font-size:59px}<\/style><h2 class=\"elementor-heading-title elementor-size-default\">PORTRETY INTYMNE <\/h2>\t\t<\/div>\n\t\t\t\t<\/div>\n\t\t\t\t<div class=\"elementor-element elementor-element-a0fbc60 elementor-widget elementor-widget-text-editor\" data-id=\"a0fbc60\" data-element_type=\"widget\" data-widget_type=\"text-editor.default\">\n\t\t\t\t<div class=\"elementor-widget-container\">\n\t\t\t<style>\/*! elementor - v3.21.0 - 15-04-2024 *\/\n.elementor-widget-text-editor.elementor-drop-cap-view-stacked .elementor-drop-cap{background-color:#69727d;color:#fff}.elementor-widget-text-editor.elementor-drop-cap-view-framed .elementor-drop-cap{color:#69727d;border:3px solid;background-color:transparent}.elementor-widget-text-editor:not(.elementor-drop-cap-view-default) .elementor-drop-cap{margin-top:8px}.elementor-widget-text-editor:not(.elementor-drop-cap-view-default) .elementor-drop-cap-letter{width:1em;height:1em}.elementor-widget-text-editor .elementor-drop-cap{float:left;text-align:center;line-height:1;font-size:50px}.elementor-widget-text-editor .elementor-drop-cap-letter{display:inline-block}<\/style>\t\t\t\t<div>\n<p>(zestaw short\u00f3w) 99\u2019<\/p>\n<p>08\/06 sobota | 19:00 sala 1 KULTURA<br>09\/06 niedziela | 20:30 sala 4 PRZYSZ\u0141O\u015a\u0106<\/p>\n<\/div>\t\t\t\t\t\t<\/div>\n\t\t\t\t<\/div>\n\t\t\t\t\t<\/div>\n\t\t<\/div>\n\t\t\t\t<div class=\"elementor-column elementor-col-33 elementor-top-column elementor-element elementor-element-29524fb\" data-id=\"29524fb\" data-element_type=\"column\">\n\t\t\t<div class=\"elementor-widget-wrap elementor-element-populated\">\n\t\t\t\t\t\t<div class=\"elementor-element elementor-element-379f433 elementor-widget elementor-widget-image\" data-id=\"379f433\" data-element_type=\"widget\" data-widget_type=\"image.default\">\n\t\t\t\t<div class=\"elementor-widget-container\">\n\t\t\t<style>\/*! elementor - v3.21.0 - 15-04-2024 *\/\n.elementor-widget-image{text-align:center}.elementor-widget-image a{display:inline-block}.elementor-widget-image a img[src$=\".svg\"]{width:48px}.elementor-widget-image img{vertical-align:middle;display:inline-block}<\/style>\t\t\t\t\t\t\t\t\t\t<img fetchpriority=\"high\" decoding=\"async\" width=\"1738\" height=\"930\" src=\"https:\/\/ppaf.pl\/wp-content\/uploads\/2024\/05\/PORTRETY-INTYMNE.png\" class=\"attachment-full size-full wp-image-11472\" alt=\"\" srcset=\"https:\/\/ppaf.pl\/wp-content\/uploads\/2024\/05\/PORTRETY-INTYMNE.png 1738w, https:\/\/ppaf.pl\/wp-content\/uploads\/2024\/05\/PORTRETY-INTYMNE-300x161.png 300w, https:\/\/ppaf.pl\/wp-content\/uploads\/2024\/05\/PORTRETY-INTYMNE-1024x548.png 1024w, https:\/\/ppaf.pl\/wp-content\/uploads\/2024\/05\/PORTRETY-INTYMNE-768x411.png 768w, https:\/\/ppaf.pl\/wp-content\/uploads\/2024\/05\/PORTRETY-INTYMNE-1536x822.png 1536w\" sizes=\"(max-width: 1738px) 100vw, 1738px\" \/>\t\t\t\t\t\t\t\t\t\t\t\t\t<\/div>\n\t\t\t\t<\/div>\n\t\t\t\t\t<\/div>\n\t\t<\/div>\n\t\t\t\t\t<\/div>\n\t\t<\/section>\n\t\t\t\t<section class=\"elementor-section elementor-top-section elementor-element elementor-element-25897ec elementor-section-boxed elementor-section-height-default elementor-section-height-default\" data-id=\"25897ec\" data-element_type=\"section\">\n\t\t\t\t\t\t<div class=\"elementor-container elementor-column-gap-default\">\n\t\t\t\t\t<div class=\"elementor-column elementor-col-50 elementor-top-column elementor-element elementor-element-85cbd30\" data-id=\"85cbd30\" data-element_type=\"column\">\n\t\t\t<div class=\"elementor-widget-wrap\">\n\t\t\t\t\t\t\t<\/div>\n\t\t<\/div>\n\t\t\t\t<div class=\"elementor-column elementor-col-50 elementor-top-column elementor-element elementor-element-02b80eb\" data-id=\"02b80eb\" data-element_type=\"column\">\n\t\t\t<div class=\"elementor-widget-wrap elementor-element-populated\">\n\t\t\t\t\t\t<div class=\"elementor-element elementor-element-7c84c61 elementor-widget__width-initial elementor-widget-divider--view-line elementor-widget elementor-widget-divider\" data-id=\"7c84c61\" data-element_type=\"widget\" data-widget_type=\"divider.default\">\n\t\t\t\t<div class=\"elementor-widget-container\">\n\t\t\t\t\t<div class=\"elementor-divider\">\n\t\t\t<span class=\"elementor-divider-separator\">\n\t\t\t\t\t\t<\/span>\n\t\t<\/div>\n\t\t\t\t<\/div>\n\t\t\t\t<\/div>\n\t\t\t\t<div class=\"elementor-element elementor-element-a5356ce elementor-widget elementor-widget-text-editor\" data-id=\"a5356ce\" data-element_type=\"widget\" data-widget_type=\"text-editor.default\">\n\t\t\t\t<div class=\"elementor-widget-container\">\n\t\t\t\t\t\t\t<p>Przygl\u0105danie si\u0119 r\u00f3\u017cnorodno\u015bci i bogactwu naszej cielesno\u015bci, \u015bcie\u017ckom interpretacyjnym, metodom ewakuacji z opresyjnych system\u00f3w i kulturowym zjawiskom jakie j\u0105 determinuj\u0105 jest jednym z nigdy niewysychaj\u0105cych \u017ar\u00f3de\u0142 postpornu. Bo w\u0142a\u015bnie w tym, \u017ce jeste\u015bmy tak r\u00f3\u017cnorodne_i, tak odmienne_i tkwi najwi\u0119kszy potencja\u0142 tego zestawu film\u00f3w. Ka\u017cde z nas snuje swoj\u0105 opowie\u015b\u0107 o pragnieniach, po\u017c\u0105daniu, przyjemno\u015bci i o tym jak r\u00f3\u017cne s\u0105 nasze cia\u0142a i jak odr\u0119bne s\u0105 problemy jakie napotykamy. I tak jak zwykle z portretami bywa &#8211; tak i te her\/his\/theystorie bywaj\u0105 wyraziste, zabawne, smutne b\u0105d\u017a nostalgiczne ale \u0142\u0105czy je jedno &#8211; wszystkie zrodzone s\u0105 z autentycznej potrzeby i troski, by jasno komunikowa\u0107 kim jeste\u015bmy. Od wspomnieniowej podr\u00f3\u017cy przez gejowsk\u0105 pla\u017c\u0119 (Big Sur Gay Porn) przez bardzo intymn\u0105 i czu\u0142\u0105 opowie\u015b\u0107 o performerkach odkrywaj\u0105cych siebie same i swoje \u017cyciowe wybory (Andy and Charlie) do jednego z najczulszych festiwalowych film\u00f3w (A Body like mine) &#8211; bajkowo \/ dokumentalnej theystorii o kreowaniu \u015bwiata w\u0142asnych marze\u0144 zderzonego z opresyjnymi pu\u0142apkami wsp\u00f3\u0142czesnej kultury. By\u0107 mo\u017ce ta nie jest \u0142atwa ale dzi\u0119ki odwadze pokazywanych tu opowie\u015bci staje si\u0119 ona odrobin\u0119 bardziej przyjazna. I prostsza.<\/p>\t\t\t\t\t\t<\/div>\n\t\t\t\t<\/div>\n\t\t\t\t<div class=\"elementor-element elementor-element-b795f34 elementor-widget__width-initial elementor-widget-divider--view-line elementor-widget elementor-widget-divider\" data-id=\"b795f34\" data-element_type=\"widget\" data-widget_type=\"divider.default\">\n\t\t\t\t<div class=\"elementor-widget-container\">\n\t\t\t\t\t<div class=\"elementor-divider\">\n\t\t\t<span class=\"elementor-divider-separator\">\n\t\t\t\t\t\t<\/span>\n\t\t<\/div>\n\t\t\t\t<\/div>\n\t\t\t\t<\/div>\n\t\t\t\t<div class=\"elementor-element elementor-element-f552ee0 elementor-widget elementor-widget-text-editor\" data-id=\"f552ee0\" data-element_type=\"widget\" data-widget_type=\"text-editor.default\">\n\t\t\t\t<div class=\"elementor-widget-container\">\n\t\t\t\t\t\t\t<p>\u201e<strong>Big Sur Gay Porn<\/strong>\u201d<\/p><p>Ryan A. White<\/p><p>USA 2023, 12\u2019<\/p><p>\u00a0<\/p><p>\u201e<strong>Andy and Charlie<\/strong>\u201d<\/p><p>Livia Lattanzio<\/p><p>France 2022, 21\u2019<\/p><p>\u00a0<\/p><p>\u201e<strong>The Pornograph<\/strong>&#8220;<\/p><p>Lucho Romano<\/p><p>Germany 2023, 13\u2019<\/p><p>\u00a0<\/p><p>\u201e<strong>Real Man<\/strong>\u201d<\/p><p>Rafael Rudolf<\/p><p>Brazil 2023, 18\u2019<\/p><p>\u00a0<\/p><p>\u201e<strong>A Body Like Mine<\/strong>\u201d<\/p><p>Maja Classen &amp; Puck<\/p><p>Niemcy 2024, 35\u2019<\/p>\t\t\t\t\t\t<\/div>\n\t\t\t\t<\/div>\n\t\t\t\t<div class=\"elementor-element elementor-element-10a8af4 elementor-align-center elementor-widget-tablet_extra__width-initial elementor-widget elementor-widget-button\" data-id=\"10a8af4\" data-element_type=\"widget\" data-widget_type=\"button.default\">\n\t\t\t\t<div class=\"elementor-widget-container\">\n\t\t\t\t\t<div class=\"elementor-button-wrapper\">\n\t\t\t<a class=\"elementor-button elementor-button-link elementor-size-sm elementor-animation-rotate\" href=\"https:\/\/kinoteka.pl\/film\/ppaf-portrety-intymne-zestaw-shortow\/?date=2024-06-08\" target=\"_blank\">\n\t\t\t\t\t\t<span class=\"elementor-button-content-wrapper\">\n\t\t\t\t\t\t\t\t\t<span class=\"elementor-button-text\">KUP BILET<\/span>\n\t\t\t\t\t<\/span>\n\t\t\t\t\t<\/a>\n\t\t<\/div>\n\t\t\t\t<\/div>\n\t\t\t\t<\/div>\n\t\t\t\t\t<\/div>\n\t\t<\/div>\n\t\t\t\t\t<\/div>\n\t\t<\/section>\n\t\t\t\t<section class=\"elementor-section elementor-top-section elementor-element elementor-element-63ee4ed elementor-hidden-widescreen elementor-hidden-desktop elementor-hidden-tablet_extra elementor-hidden-tablet elementor-hidden-mobile elementor-section-boxed elementor-section-height-default elementor-section-height-default\" data-id=\"63ee4ed\" data-element_type=\"section\">\n\t\t\t\t\t\t<div class=\"elementor-container elementor-column-gap-default\">\n\t\t\t\t\t<div class=\"elementor-column elementor-col-50 elementor-top-column elementor-element elementor-element-65956e1\" data-id=\"65956e1\" data-element_type=\"column\">\n\t\t\t<div class=\"elementor-widget-wrap\">\n\t\t\t\t\t\t\t<\/div>\n\t\t<\/div>\n\t\t\t\t<div class=\"elementor-column elementor-col-50 elementor-top-column elementor-element elementor-element-6b725fd\" data-id=\"6b725fd\" data-element_type=\"column\">\n\t\t\t<div class=\"elementor-widget-wrap elementor-element-populated\">\n\t\t\t\t\t\t<div class=\"elementor-element elementor-element-d352a10 elementor-align-center elementor-widget elementor-widget-button\" data-id=\"d352a10\" data-element_type=\"widget\" data-widget_type=\"button.default\">\n\t\t\t\t<div class=\"elementor-widget-container\">\n\t\t\t\t\t<div class=\"elementor-button-wrapper\">\n\t\t\t<a class=\"elementor-button elementor-button-link elementor-size-xl\" href=\"https:\/\/kinomuranow.pl\/festiwale-i-przeglady\/post-pxrn-film-festival-warsaw-7-12-czerwca-2022\" target=\"_blank\">\n\t\t\t\t\t\t<span class=\"elementor-button-content-wrapper\">\n\t\t\t\t\t\t\t\t\t<span class=\"elementor-button-text\">KUP BILET<\/span>\n\t\t\t\t\t<\/span>\n\t\t\t\t\t<\/a>\n\t\t<\/div>\n\t\t\t\t<\/div>\n\t\t\t\t<\/div>\n\t\t\t\t\t<\/div>\n\t\t<\/div>\n\t\t\t\t\t<\/div>\n\t\t<\/section>\n\t\t\t\t<\/div>\n\t\t","protected":false},"excerpt":{"rendered":"<p>Kinoteka PORTRETY INTYMNE (zestaw short\u00f3w) 99\u2019 08\/06 sobota | 19:00 sala 1 KULTURA09\/06 niedziela | 20:30 sala 4 PRZYSZ\u0141O\u015a\u0106 Przygl\u0105danie si\u0119 r\u00f3\u017cnorodno\u015bci i bogactwu naszej cielesno\u015bci, \u015bcie\u017ckom interpretacyjnym, metodom ewakuacji z opresyjnych system\u00f3w i kulturowym zjawiskom jakie j\u0105 determinuj\u0105 jest jednym z nigdy niewysychaj\u0105cych \u017ar\u00f3de\u0142 postpornu. Bo w\u0142a\u015bnie w tym, \u017ce jeste\u015bmy tak r\u00f3\u017cnorodne_i, tak [&hellip;]<\/p>\n","protected":false},"author":4,"featured_media":0,"parent":0,"menu_order":0,"comment_status":"closed","ping_status":"closed","template":"","meta":{"footnotes":""},"aioseo_notices":[],"_links":{"self":[{"href":"https:\/\/ppaf.pl\/index.php\/wp-json\/wp\/v2\/pages\/13087"}],"collection":[{"href":"https:\/\/ppaf.pl\/index.php\/wp-json\/wp\/v2\/pages"}],"about":[{"href":"https:\/\/ppaf.pl\/index.php\/wp-json\/wp\/v2\/types\/page"}],"author":[{"embeddable":true,"href":"https:\/\/ppaf.pl\/index.php\/wp-json\/wp\/v2\/users\/4"}],"replies":[{"embeddable":true,"href":"https:\/\/ppaf.pl\/index.php\/wp-json\/wp\/v2\/comments?post=13087"}],"version-history":[{"count":10,"href":"https:\/\/ppaf.pl\/index.php\/wp-json\/wp\/v2\/pages\/13087\/revisions"}],"predecessor-version":[{"id":13652,"href":"https:\/\/ppaf.pl\/index.php\/wp-json\/wp\/v2\/pages\/13087\/revisions\/13652"}],"wp:attachment":[{"href":"https:\/\/ppaf.pl\/index.php\/wp-json\/wp\/v2\/media?parent=13087"}],"curies":[{"name":"wp","href":"https:\/\/api.w.org\/{rel}","templated":true}]}}